{"id":22924,"date":"2024-11-28T13:27:51","date_gmt":"2024-11-28T13:27:51","guid":{"rendered":"https:\/\/virtual-routes.org\/?page_id=22924"},"modified":"2025-06-30T07:32:59","modified_gmt":"2025-06-30T06:32:59","slug":"cursuri-de-securitate-cibernetica","status":"publish","type":"page","link":"https:\/\/virtual-routes.org\/ro\/cursuri-de-securitate-cibernetica\/","title":{"rendered":"Cursuri de securitate cibernetic\u0103"},"content":{"rendered":"<div data-elementor-type=\"wp-page\" data-elementor-id=\"22924\" class=\"elementor elementor-22924\" data-elementor-post-type=\"page\">\n\t\t\t\t<div class=\"elementor-element elementor-element-c1efb2b e-flex e-con-boxed e-con e-parent\" data-id=\"c1efb2b\" data-element_type=\"container\" data-settings=\"{&quot;background_background&quot;:&quot;classic&quot;}\">\n\t\t\t\t\t<div class=\"e-con-inner\">\n\t\t<div class=\"elementor-element elementor-element-152a237 e-con-full e-flex e-con e-child\" data-id=\"152a237\" data-element_type=\"container\">\n\t\t\t\t<div data-dce-title-color=\"#0E093A\" class=\"elementor-element elementor-element-5919a11 elementor-widget elementor-widget-heading\" data-id=\"5919a11\" data-element_type=\"widget\" data-widget_type=\"heading.default\">\n\t\t\t\t<div class=\"elementor-widget-container\">\n\t\t\t\t\t<h1 class=\"elementor-heading-title elementor-size-default\">Cursuri introductive online privind securitatea cibernetic\u0103<\/h1>\t\t\t\t<\/div>\n\t\t\t\t<\/div>\n\t\t\t\t<div class=\"elementor-element elementor-element-3076d25 elementor-widget elementor-widget-text-editor\" data-id=\"3076d25\" data-element_type=\"widget\" data-widget_type=\"text-editor.default\">\n\t\t\t\t<div class=\"elementor-widget-container\">\n\t\t\t\t\t\t\t\t\t<p>Ca parte a <a href=\"https:\/\/virtual-routes.org\/ro\/initiative\/seminarii-privind-securitatea-cibernetica\/\">Programul de seminarii de securitate cibernetic\u0103 Google.org<\/a>, Virtual Routes a dezvoltat trei cursuri introductive online adaptate pe teme esen\u021biale de securitate cibernetic\u0103. Cursurile sunt concepute de Virtual Routes \u00een parteneriat cu profesori universitari de v\u00e2rf din domeniul lor, fiecare cu zeci de ani de experien\u021b\u0103 \u00een cercetarea \u0219i predarea \u00een domeniul securit\u0103\u021bii cibernetice.<\/p>\t\t\t\t\t\t\t\t<\/div>\n\t\t\t\t<\/div>\n\t\t\t\t<div class=\"elementor-element elementor-element-2d84a92 elementor-widget elementor-widget-button\" data-id=\"2d84a92\" data-element_type=\"widget\" data-widget_type=\"button.default\">\n\t\t\t\t<div class=\"elementor-widget-container\">\n\t\t\t\t\t\t\t\t\t<div class=\"elementor-button-wrapper\">\n\t\t\t\t\t<a class=\"elementor-button elementor-button-link elementor-size-sm\" href=\"\/ro\/conectare\/\">\n\t\t\t\t\t\t<span class=\"elementor-button-content-wrapper\">\n\t\t\t\t\t\t\t\t\t<span class=\"elementor-button-text\">Du-te la cursuri<\/span>\n\t\t\t\t\t<\/span>\n\t\t\t\t\t<\/a>\n\t\t\t\t<\/div>\n\t\t\t\t\t\t\t\t<\/div>\n\t\t\t\t<\/div>\n\t\t\t\t<\/div>\n\t\t<div class=\"elementor-element elementor-element-0bce0ca e-con-full e-flex e-con e-child\" data-id=\"0bce0ca\" data-element_type=\"container\">\n\t\t\t\t<div class=\"elementor-element elementor-element-46437c8 dce_masking-none elementor-widget elementor-widget-video\" data-id=\"46437c8\" data-element_type=\"widget\" data-settings=\"{&quot;loop&quot;:&quot;yes&quot;,&quot;video_type&quot;:&quot;vimeo&quot;}\" data-widget_type=\"video.default\">\n\t\t\t\t<div class=\"elementor-widget-container\">\n\t\t\t\t\t\t\t<div class=\"elementor-wrapper elementor-open-inline\">\n\t\t\t<iframe class=\"elementor-video-iframe\" allowfullscreen allow=\"clipboard-write\" title=\"Player video vimeo\" src=\"https:\/\/player.vimeo.com\/video\/1073105688?color&amp;autopause=0&amp;loop=1&amp;muted=0&amp;title=1&amp;portrait=1&amp;byline=1&amp;h=a86134bb2d#t=\"><\/iframe>\t\t<\/div>\n\t\t\t\t\t\t<\/div>\n\t\t\t\t<\/div>\n\t\t\t\t<\/div>\n\t\t\t\t<div class=\"elementor-element elementor-element-78426fd elementor-absolute hide-stairs dce_masking-none elementor-invisible elementor-widget elementor-widget-image\" data-id=\"78426fd\" data-element_type=\"widget\" data-settings=\"{&quot;_position&quot;:&quot;absolute&quot;,&quot;_animation&quot;:&quot;slideInLeft&quot;}\" data-widget_type=\"image.default\">\n\t\t\t\t<div class=\"elementor-widget-container\">\n\t\t\t\t\t\t\t\t\t\t\t\t\t\t\t<img alt=\"\" loading=\"lazy\" decoding=\"async\" width=\"800\" height=\"808\" src=\"https:\/\/virtual-routes.org\/wp-content\/uploads\/2024\/11\/Group-5.svg\" class=\"attachment-large size-large wp-image-1899\" \/>\t\t\t\t\t\t\t\t\t\t\t\t\t\t\t<\/div>\n\t\t\t\t<\/div>\n\t\t\t\t\t<\/div>\n\t\t\t\t<\/div>\n\t\t<div class=\"elementor-element elementor-element-5494a6d e-flex e-con-boxed e-con e-parent\" data-id=\"5494a6d\" data-element_type=\"container\" data-settings=\"{&quot;background_background&quot;:&quot;classic&quot;}\">\n\t\t\t\t\t<div class=\"e-con-inner\">\n\t\t<div class=\"elementor-element elementor-element-edc4245 e-con-full elementor-hidden-mobile e-flex e-con e-child\" data-id=\"edc4245\" data-element_type=\"container\" data-settings=\"{&quot;background_background&quot;:&quot;classic&quot;}\">\n\t\t\t\t<\/div>\n\t\t<div class=\"elementor-element elementor-element-18fefb4 e-con-full e-flex e-con e-child\" data-id=\"18fefb4\" data-element_type=\"container\" data-settings=\"{&quot;background_background&quot;:&quot;classic&quot;}\">\n\t\t\t\t<div class=\"elementor-element elementor-element-8d71faf elementor-widget__width-inherit elementor-widget elementor-widget-heading\" data-id=\"8d71faf\" data-element_type=\"widget\" data-widget_type=\"heading.default\">\n\t\t\t\t<div class=\"elementor-widget-container\">\n\t\t\t\t\t<h2 class=\"elementor-heading-title elementor-size-default\">Ce?<\/h2>\t\t\t\t<\/div>\n\t\t\t\t<\/div>\n\t\t\t\t<div class=\"elementor-element elementor-element-61405be elementor-widget elementor-widget-text-editor\" data-id=\"61405be\" data-element_type=\"widget\" data-widget_type=\"text-editor.default\">\n\t\t\t\t<div class=\"elementor-widget-container\">\n\t\t\t\t\t\t\t\t\t<p>Pentru a promova obiectivele programului Google.org Cybersecurity Seminars, fiecare curs prezint\u0103 <strong>concepte \u0219i principii cheie, ilustrate prin exemple clare<\/strong> \u0219i sus\u021binut\u0103 de o serie de exerci\u021bii interactive, cum ar fi momente de reflec\u021bie, \u00eentreb\u0103ri de discu\u021bie \u0219i analiza studiilor de caz.<\/p>\t\t\t\t\t\t\t\t<\/div>\n\t\t\t\t<\/div>\n\t\t\t\t<div class=\"elementor-element elementor-element-083215c elementor-widget__width-inherit elementor-widget elementor-widget-heading\" data-id=\"083215c\" data-element_type=\"widget\" data-widget_type=\"heading.default\">\n\t\t\t\t<div class=\"elementor-widget-container\">\n\t\t\t\t\t<h2 class=\"elementor-heading-title elementor-size-default\">De ce?<\/h2>\t\t\t\t<\/div>\n\t\t\t\t<\/div>\n\t\t\t\t<div class=\"elementor-element elementor-element-1a274ce elementor-widget elementor-widget-text-editor\" data-id=\"1a274ce\" data-element_type=\"widget\" data-widget_type=\"text-editor.default\">\n\t\t\t\t<div class=\"elementor-widget-container\">\n\t\t\t\t\t\t\t\t\t<p>Aceste cursuri ofer\u0103 <strong>o referin\u021b\u0103 standardizat\u0103 pentru elevi<\/strong> \u00een cadrul programului Google.org Cybersecurity Seminars pentru a-\u0219i \u00eencepe c\u0103l\u0103toria \u00een domeniul securit\u0103\u021bii cibernetice. Ace\u0219tia se asigur\u0103 c\u0103 studen\u021bii dintr-o gam\u0103 larg\u0103 de medii pot intra \u00een program cu cuno\u0219tin\u021be de baz\u0103 \u00een domenii cheie, \u00een special <strong>implicarea cu succes \u00een organiza\u021biile comunit\u0103\u021bii locale<\/strong> (LCO).<\/p>\t\t\t\t\t\t\t\t<\/div>\n\t\t\t\t<\/div>\n\t\t\t\t<div class=\"elementor-element elementor-element-4605d8b elementor-widget__width-inherit elementor-widget elementor-widget-heading\" data-id=\"4605d8b\" data-element_type=\"widget\" data-widget_type=\"heading.default\">\n\t\t\t\t<div class=\"elementor-widget-container\">\n\t\t\t\t\t<h2 class=\"elementor-heading-title elementor-size-default\">Cum?<\/h2>\t\t\t\t<\/div>\n\t\t\t\t<\/div>\n\t\t\t\t<div class=\"elementor-element elementor-element-1dd49b9 elementor-widget elementor-widget-text-editor\" data-id=\"1dd49b9\" data-element_type=\"widget\" data-widget_type=\"text-editor.default\">\n\t\t\t\t<div class=\"elementor-widget-container\">\n\t\t\t\t\t\t\t\t\t<p>Aceste cursuri sunt disponibile numai pentru studen\u021bii care particip\u0103 la programul Google.org Cybersecurity Seminars. Fiecare curs const\u0103 \u00een <strong>o combina\u021bie curat\u0103 de con\u021binut video \u0219i \u00eendemnuri pentru exerci\u021bii<\/strong>, conceput pentru a permite studen\u021bilor s\u0103 urmeze cursul pe cont propriu sau pentru ca universit\u0103\u021bile s\u0103 integreze cursul \u00een seminariile lor privind securitatea cibernetic\u0103.<\/p>\t\t\t\t\t\t\t\t<\/div>\n\t\t\t\t<\/div>\n\t\t\t\t<\/div>\n\t\t\t\t<div class=\"elementor-element elementor-element-ca67c5b elementor-absolute e-transform hide-stairs dce_masking-none elementor-widget elementor-widget-image\" data-id=\"ca67c5b\" data-element_type=\"widget\" data-settings=\"{&quot;_position&quot;:&quot;absolute&quot;,&quot;_transform_rotateZ_effect&quot;:{&quot;unit&quot;:&quot;px&quot;,&quot;size&quot;:90,&quot;sizes&quot;:[]},&quot;_transform_rotateZ_effect_tablet&quot;:{&quot;unit&quot;:&quot;deg&quot;,&quot;size&quot;:&quot;&quot;,&quot;sizes&quot;:[]},&quot;_transform_rotateZ_effect_mobile&quot;:{&quot;unit&quot;:&quot;deg&quot;,&quot;size&quot;:&quot;&quot;,&quot;sizes&quot;:[]}}\" data-widget_type=\"image.default\">\n\t\t\t\t<div class=\"elementor-widget-container\">\n\t\t\t\t\t\t\t\t\t\t\t\t\t\t\t<img alt=\"\" loading=\"lazy\" decoding=\"async\" width=\"800\" height=\"808\" src=\"https:\/\/virtual-routes.org\/wp-content\/uploads\/2024\/11\/white-stair.svg\" class=\"attachment-large size-large wp-image-10938\" \/>\t\t\t\t\t\t\t\t\t\t\t\t\t\t\t<\/div>\n\t\t\t\t<\/div>\n\t\t\t\t\t<\/div>\n\t\t\t\t<\/div>\n\t\t<div class=\"elementor-element elementor-element-b2d0089 e-flex e-con-boxed e-con e-parent\" data-id=\"b2d0089\" data-element_type=\"container\" data-settings=\"{&quot;background_background&quot;:&quot;classic&quot;}\">\n\t\t\t\t\t<div class=\"e-con-inner\">\n\t\t\t\t<div class=\"elementor-element elementor-element-7502cdc elementor-widget__width-inherit elementor-widget elementor-widget-heading\" data-id=\"7502cdc\" data-element_type=\"widget\" data-widget_type=\"heading.default\">\n\t\t\t\t<div class=\"elementor-widget-container\">\n\t\t\t\t\t<h2 class=\"elementor-heading-title elementor-size-default\">CURSURI<\/h2>\t\t\t\t<\/div>\n\t\t\t\t<\/div>\n\t\t<div class=\"elementor-element elementor-element-0c50439 e-con-full e-flex e-con e-child\" data-id=\"0c50439\" data-element_type=\"container\" data-settings=\"{&quot;background_background&quot;:&quot;classic&quot;}\">\n\t\t\t\t<div data-dce-title-color=\"#0E093A\" class=\"elementor-element elementor-element-be2d47f elementor-widget__width-inherit elementor-widget elementor-widget-heading\" data-id=\"be2d47f\" data-element_type=\"widget\" data-widget_type=\"heading.default\">\n\t\t\t\t<div class=\"elementor-widget-container\">\n\t\t\t\t\t<h2 class=\"elementor-heading-title elementor-size-default\">Introducere \u00een securitatea cibernetic\u0103<\/h2>\t\t\t\t<\/div>\n\t\t\t\t<\/div>\n\t\t<div class=\"elementor-element elementor-element-717d90c e-con-full e-flex e-con e-child\" data-id=\"717d90c\" data-element_type=\"container\">\n\t\t\t\t<div class=\"elementor-element elementor-element-0dc48d1 elementor-widget elementor-widget-heading\" data-id=\"0dc48d1\" data-element_type=\"widget\" data-widget_type=\"heading.default\">\n\t\t\t\t<div class=\"elementor-widget-container\">\n\t\t\t\t\t<h2 class=\"elementor-heading-title elementor-size-default\">Dr. Jason Nurse, lector \u00een securitate cibernetic\u0103, Universitatea din Kent<\/h2>\t\t\t\t<\/div>\n\t\t\t\t<\/div>\n\t\t\t\t<\/div>\n\t\t\t\t<div class=\"elementor-element elementor-element-9ec19c4 elementor-widget elementor-widget-text-editor\" data-id=\"9ec19c4\" data-element_type=\"widget\" data-widget_type=\"text-editor.default\">\n\t\t\t\t<div class=\"elementor-widget-container\">\n\t\t\t\t\t\t\t\t\t<p>\u00cen acest curs, Dr. Jason Nurse ofer\u0103 o introducere la originea \u0219i semnifica\u021bia securit\u0103\u021bii cibernetice \u0219i a conceptelor asociate, demonstr\u00e2nd modul \u00een care aceasta \u00eencorporeaz\u0103 mai multe discipline \u0219i domenii de cercetare. Dr. Nurse abordeaz\u0103 apoi aspectele umane ale securit\u0103\u021bii cibernetice, inclusiv contextul utilizatorului, precum \u0219i aspectele umane ale dinamicii atacator-defensor. Dr. Nurse se concentreaz\u0103 apoi asupra controalelor comune de securitate cibernetic\u0103, ar\u0103t\u00e2nd cum acestea pot contribui la cre\u0219terea rapid\u0103 a nivelului de securitate cibernetic\u0103 \u00een LCO, dar cu unele limit\u0103ri semnificative. \u00cen final, Dr. Nurse exploreaz\u0103 subiectul emergent al daunelor cibernetice \u0219i al gestion\u0103rii riscurilor.<\/p>\t\t\t\t\t\t\t\t<\/div>\n\t\t\t\t<\/div>\n\t\t\t\t<\/div>\n\t\t<div class=\"elementor-element elementor-element-1b82723 e-con-full e-flex e-con e-child\" data-id=\"1b82723\" data-element_type=\"container\" data-settings=\"{&quot;background_background&quot;:&quot;classic&quot;}\">\n\t\t\t\t<div data-dce-title-color=\"#0E093A\" class=\"elementor-element elementor-element-3e6694b elementor-widget__width-inherit elementor-widget elementor-widget-heading\" data-id=\"3e6694b\" data-element_type=\"widget\" data-widget_type=\"heading.default\">\n\t\t\t\t<div class=\"elementor-widget-container\">\n\t\t\t\t\t<h2 class=\"elementor-heading-title elementor-size-default\">Introducere \u00een securitatea sistemelor<\/h2>\t\t\t\t<\/div>\n\t\t\t\t<\/div>\n\t\t<div class=\"elementor-element elementor-element-33a8a7a e-con-full e-flex e-con e-child\" data-id=\"33a8a7a\" data-element_type=\"container\">\n\t\t\t\t<div class=\"elementor-element elementor-element-7948158 elementor-widget elementor-widget-heading\" data-id=\"7948158\" data-element_type=\"widget\" data-widget_type=\"heading.default\">\n\t\t\t\t<div class=\"elementor-widget-container\">\n\t\t\t\t\t<h2 class=\"elementor-heading-title elementor-size-default\">Profesor Andrew Martin, profesor de securitate a sistemelor, Universitatea din Oxford<\/h2>\t\t\t\t<\/div>\n\t\t\t\t<\/div>\n\t\t\t\t<\/div>\n\t\t\t\t<div class=\"elementor-element elementor-element-99767d0 elementor-widget elementor-widget-text-editor\" data-id=\"99767d0\" data-element_type=\"widget\" data-widget_type=\"text-editor.default\">\n\t\t\t\t<div class=\"elementor-widget-container\">\n\t\t\t\t\t\t\t\t\t<p>\u00cen acest curs, profesorul Andrew Martin ofer\u0103 o introducere \u00een securitatea cibernetic\u0103 a sistemelor digitale. Profesorul Martin subliniaz\u0103 mai \u00eent\u00e2i conceptele de baz\u0103 \u00een proiectarea \u0219i implementarea sistemelor, precum \u0219i principalele amenin\u021b\u0103ri la adresa sistemelor digitale. Profesorul Martin abordeaz\u0103 apoi domenii ale proiect\u0103rii sistemelor cu un impact larg asupra securit\u0103\u021bii cibernetice, cum ar fi criptarea \u0219i autentificarea. Aceste cazuri arat\u0103 cum abstractizarea ajut\u0103 utilizatorii \u0219i proiectan\u021bii s\u0103 dep\u0103\u0219easc\u0103 complexitatea imens\u0103 a sistemelor digitale, dar, la r\u00e2ndul s\u0103u, introduce presupuneri \u0219i a\u0219tept\u0103ri care creeaz\u0103 vulnerabilit\u0103\u021bi de securitate \u0219i conduc la e\u0219ecuri ale sistemului.<\/p>\t\t\t\t\t\t\t\t<\/div>\n\t\t\t\t<\/div>\n\t\t\t\t<\/div>\n\t\t<div class=\"elementor-element elementor-element-1f707b0 e-con-full e-flex e-con e-child\" data-id=\"1f707b0\" data-element_type=\"container\" data-settings=\"{&quot;background_background&quot;:&quot;classic&quot;}\">\n\t\t\t\t<div data-dce-title-color=\"#0E093A\" class=\"elementor-element elementor-element-d85ade6 elementor-widget__width-inherit elementor-widget elementor-widget-heading\" data-id=\"d85ade6\" data-element_type=\"widget\" data-widget_type=\"heading.default\">\n\t\t\t\t<div class=\"elementor-widget-container\">\n\t\t\t\t\t<h2 class=\"elementor-heading-title elementor-size-default\">Securitatea cibernetic\u0103 \u00een societate<\/h2>\t\t\t\t<\/div>\n\t\t\t\t<\/div>\n\t\t<div class=\"elementor-element elementor-element-56168a3 e-con-full e-flex e-con e-child\" data-id=\"56168a3\" data-element_type=\"container\">\n\t\t\t\t<div class=\"elementor-element elementor-element-f33ed2e elementor-widget elementor-widget-heading\" data-id=\"f33ed2e\" data-element_type=\"widget\" data-widget_type=\"heading.default\">\n\t\t\t\t<div class=\"elementor-widget-container\">\n\t\t\t\t\t<h2 class=\"elementor-heading-title elementor-size-default\">Lizzie Coles-Kemp, cercet\u0103tor principal, Institutul de cercetare pentru securitate cibernetic\u0103 sociotehnic\u0103 (RISCS)<\/h2>\t\t\t\t<\/div>\n\t\t\t\t<\/div>\n\t\t\t\t<\/div>\n\t\t\t\t<div class=\"elementor-element elementor-element-82b0ff2 elementor-widget elementor-widget-text-editor\" data-id=\"82b0ff2\" data-element_type=\"widget\" data-widget_type=\"text-editor.default\">\n\t\t\t\t<div class=\"elementor-widget-container\">\n\t\t\t\t\t\t\t\t\t<p>\u00cen acest curs, profesorul Lizzie Coles-Kemp examineaz\u0103 locul securit\u0103\u021bii cibernetice \u00een societate. Profesorul Coles-Kemp detaliaz\u0103 mai \u00eent\u00e2i impactul societal al problemelor de securitate cibernetic\u0103 \u0219i introduce conceptul de securitate cibernetic\u0103 centrat\u0103 pe oameni, baz\u00e2ndu-se pe teoriile securit\u0103\u021bii utilizabile \u0219i ale designului centrat pe utilizator. Profesorul Coles-Kemp prezint\u0103 apoi o abordare a implic\u0103rii comunit\u0103\u021bii locale care sfideaz\u0103 ortodoxiile de securitate \u0219i recunoa\u0219te realit\u0103\u021bile lucrului cu grupuri diverse, marginalizate \u0219i minorizate. Cursul se \u00eencheie cu un studiu de caz privind aspectele de securitate cibernetic\u0103 ale accesului informal asistat la tehnologiile digitale.<\/p>\t\t\t\t\t\t\t\t<\/div>\n\t\t\t\t<\/div>\n\t\t\t\t<\/div>\n\t\t\t\t\t<\/div>\n\t\t\t\t<\/div>\n\t\t<div class=\"elementor-element elementor-element-b5a49a0 e-flex e-con-boxed e-con e-parent\" data-id=\"b5a49a0\" data-element_type=\"container\">\n\t\t\t\t\t<div class=\"e-con-inner\">\n\t\t\t\t<div class=\"elementor-element elementor-element-9e4315f elementor-align-center elementor-widget__width-inherit elementor-widget elementor-widget-button\" data-id=\"9e4315f\" data-element_type=\"widget\" data-widget_type=\"button.default\">\n\t\t\t\t<div class=\"elementor-widget-container\">\n\t\t\t\t\t\t\t\t\t<div class=\"elementor-button-wrapper\">\n\t\t\t\t\t<a class=\"elementor-button elementor-button-link elementor-size-sm\" href=\"\/ro\/conectare\/\">\n\t\t\t\t\t\t<span class=\"elementor-button-content-wrapper\">\n\t\t\t\t\t\t\t\t\t<span class=\"elementor-button-text\">Du-te la cursuri<\/span>\n\t\t\t\t\t<\/span>\n\t\t\t\t\t<\/a>\n\t\t\t\t<\/div>\n\t\t\t\t\t\t\t\t<\/div>\n\t\t\t\t<\/div>\n\t\t\t\t\t<\/div>\n\t\t\t\t<\/div>\n\t\t\t\t<\/div>","protected":false},"excerpt":{"rendered":"<p>Cursuri introductive online privind securitatea cibernetic\u0103 Ca parte a programului Google.org Cybersecurity Seminars, Virtual Routes a dezvoltat trei cursuri introductive online personalizate pe teme de baz\u0103 privind securitatea cibernetic\u0103. Cursurile sunt concepute de Virtual Routes \u00een parteneriat cu profesori universitari de v\u00e2rf din domeniul lor, fiecare cu zeci de ani de experien\u021b\u0103 \u00een cercetarea \u0219i predarea \u00een domeniul securit\u0103\u021bii cibernetice. Merge\u021bi la [...]<\/p>","protected":false},"author":1,"featured_media":0,"parent":0,"menu_order":0,"comment_status":"closed","ping_status":"closed","template":"","meta":{"_acf_changed":false,"_seopress_robots_primary_cat":"","_seopress_titles_title":"","_seopress_titles_desc":"","_seopress_robots_index":"","inline_featured_image":false,"footnotes":""},"class_list":["post-22924","page","type-page","status-publish","hentry"],"acf":[],"_links":{"self":[{"href":"https:\/\/virtual-routes.org\/ro\/wp-json\/wp\/v2\/pages\/22924","targetHints":{"allow":["GET"]}}],"collection":[{"href":"https:\/\/virtual-routes.org\/ro\/wp-json\/wp\/v2\/pages"}],"about":[{"href":"https:\/\/virtual-routes.org\/ro\/wp-json\/wp\/v2\/types\/page"}],"author":[{"embeddable":true,"href":"https:\/\/virtual-routes.org\/ro\/wp-json\/wp\/v2\/users\/1"}],"replies":[{"embeddable":true,"href":"https:\/\/virtual-routes.org\/ro\/wp-json\/wp\/v2\/comments?post=22924"}],"version-history":[{"count":20,"href":"https:\/\/virtual-routes.org\/ro\/wp-json\/wp\/v2\/pages\/22924\/revisions"}],"predecessor-version":[{"id":56537,"href":"https:\/\/virtual-routes.org\/ro\/wp-json\/wp\/v2\/pages\/22924\/revisions\/56537"}],"wp:attachment":[{"href":"https:\/\/virtual-routes.org\/ro\/wp-json\/wp\/v2\/media?parent=22924"}],"curies":[{"name":"wp","href":"https:\/\/api.w.org\/{rel}","templated":true}]}}