{"id":37951,"date":"2025-03-07T13:34:09","date_gmt":"2025-03-07T13:34:09","guid":{"rendered":"https:\/\/virtual-routes.org\/?page_id=37951"},"modified":"2025-04-21T09:48:37","modified_gmt":"2025-04-21T09:48:37","slug":"login","status":"publish","type":"page","link":"https:\/\/virtual-routes.org\/pl\/login\/","title":{"rendered":"Logowanie"},"content":{"rendered":"<div data-elementor-type=\"wp-page\" data-elementor-id=\"37951\" class=\"elementor elementor-37951\" data-elementor-post-type=\"page\">\n\t\t\t\t<div class=\"elementor-element elementor-element-63338f9 e-flex e-con-boxed e-con e-parent\" data-id=\"63338f9\" data-element_type=\"container\" data-settings=\"{&quot;background_background&quot;:&quot;classic&quot;}\">\n\t\t\t\t\t<div class=\"e-con-inner\">\n\t\t<div class=\"elementor-element elementor-element-39ec12c e-con-full e-flex e-con e-child\" data-id=\"39ec12c\" data-element_type=\"container\">\n\t\t\t\t<div class=\"elementor-element elementor-element-3987fac elementor-widget__width-inherit elementor-widget elementor-widget-heading\" data-id=\"3987fac\" data-element_type=\"widget\" data-widget_type=\"heading.default\">\n\t\t\t\t<div class=\"elementor-widget-container\">\n\t\t\t\t\t<h1 class=\"elementor-heading-title elementor-size-default\">Zaloguj si\u0119 <\/h1>\t\t\t\t<\/div>\n\t\t\t\t<\/div>\n\t\t\t\t<div class=\"elementor-element elementor-element-912fb42 elementor-widget__width-inherit elementor-widget elementor-widget-html\" data-id=\"912fb42\" data-element_type=\"widget\" data-widget_type=\"html.default\">\n\t\t\t\t<div class=\"elementor-widget-container\">\n\t\t\t\t\t<div id=\"login-message\"><\/div>\t\t\t\t<\/div>\n\t\t\t\t<\/div>\n\t\t\t\t<div data-dce-password-visibility=\"{&quot;fields&quot;:[&quot;password&quot;]}\" class=\"elementor-element elementor-element-bba00d0 elementor-button-align-end elementor-widget__width-inherit elementor-widget elementor-widget-form\" data-id=\"bba00d0\" data-element_type=\"widget\" data-settings=\"{&quot;step_next_label&quot;:&quot;Next&quot;,&quot;step_previous_label&quot;:&quot;Previous&quot;,&quot;button_width&quot;:&quot;100&quot;,&quot;dce_confirm_dialog_enabled&quot;:&quot;no&quot;,&quot;step_type&quot;:&quot;number_text&quot;,&quot;step_icon_shape&quot;:&quot;circle&quot;,&quot;label_icon_size&quot;:{&quot;unit&quot;:&quot;px&quot;,&quot;size&quot;:&quot;&quot;,&quot;sizes&quot;:[]},&quot;field_icon_size&quot;:{&quot;unit&quot;:&quot;px&quot;,&quot;size&quot;:&quot;&quot;,&quot;sizes&quot;:[]}}\" data-widget_type=\"form.default\">\n\t\t\t\t<div class=\"elementor-widget-container\">\n\t\t\t\t\t\t\t<form class=\"elementor-form\" method=\"post\" name=\"course_login_form\" aria-label=\"course_login_form\" action=\"\">\n\t\t\t<input type=\"hidden\" name=\"post_id\" value=\"37951\"\/>\n\t\t\t<input type=\"hidden\" name=\"form_id\" value=\"bba00d0\"\/>\n\t\t\t<input type=\"hidden\" name=\"referer_title\" value=\"\" \/>\n\n\t\t\t\n\t\t\t<div class=\"elementor-form-fields-wrapper elementor-labels-\">\n\t\t\t\t\t\t\t\t<div class=\"elementor-field-type-email elementor-field-group elementor-column elementor-field-group-email elementor-col-100 elementor-field-required\">\n\t\t\t\t\t\t\t\t\t\t\t\t<label for=\"form-field-email\" class=\"elementor-field-label elementor-screen-only\">\n\t\t\t\t\t\t\t\tE-mail\t\t\t\t\t\t\t<\/label>\n\t\t\t\t\t\t\t\t\t\t\t\t\t\t<input size=\"1\" type=\"email\" name=\"form_fields[email]\" id=\"form-field-email\" class=\"elementor-field elementor-size-sm  elementor-field-textual\" placeholder=\"E-mail\" required=\"required\">\n\t\t\t\t\t\t\t\t\t\t\t<\/div>\n\t\t\t\t\t\t\t\t<div class=\"elementor-field-type-password elementor-field-group elementor-column elementor-field-group-password elementor-col-100 elementor-field-required\">\n\t\t\t\t\t\t\t\t\t\t\t\t<label for=\"form-field-password\" class=\"elementor-field-label elementor-screen-only\">\n\t\t\t\t\t\t\t\tHas\u0142o\t\t\t\t\t\t\t<\/label>\n\t\t\t\t\t\t\t\t\t\t\t\t\t\t<input size=\"1\" type=\"password\" name=\"form_fields[password]\" id=\"form-field-password\" class=\"elementor-field elementor-size-sm  elementor-field-textual\" placeholder=\"Has\u0142o\" required=\"required\">\n\t\t\t\t\t\t\t\t\t\t\t<\/div>\n\t\t\t\t\t\t\t\t<div class=\"elementor-field-group elementor-column elementor-field-type-submit elementor-col-100 e-form__buttons\">\n\t\t\t\t\t<button class=\"elementor-button elementor-size-sm\" type=\"submit\">\n\t\t\t\t\t\t<span class=\"elementor-button-content-wrapper\">\n\t\t\t\t\t\t\t\t\t\t\t\t\t\t\t\t\t\t\t\t\t\t<span class=\"elementor-button-text\">Zaloguj si\u0119<\/span>\n\t\t\t\t\t\t\t\t\t\t\t\t\t<\/span>\n\t\t\t\t\t<\/button>\n\t\t\t\t<\/div>\n\t\t\t<\/div>\n\t\t<input type=\"hidden\" name=\"trp-form-language\" value=\"pl\"\/><\/form>\n\t\t\t\t\t\t<\/div>\n\t\t\t\t<\/div>\n\t\t\t\t<div class=\"elementor-element elementor-element-56f8f40 elementor-widget__width-auto elementor-widget elementor-widget-text-editor\" data-id=\"56f8f40\" data-element_type=\"widget\" data-widget_type=\"text-editor.default\">\n\t\t\t\t<div class=\"elementor-widget-container\">\n\t\t\t\t\t\t\t\t\t<div><a href=\"\/pl\/resetowanie-hasla\/\">Resetowanie has\u0142a<\/a> | <a href=\"\/pl\/rejestr\/\">Rejestr<\/a> | <\/div>\t\t\t\t\t\t\t\t<\/div>\n\t\t\t\t<\/div>\n\t\t\t\t<div class=\"elementor-element elementor-element-ebcbe0e elementor-widget__width-auto elementor-widget elementor-widget-shortcode\" data-id=\"ebcbe0e\" data-element_type=\"widget\" data-widget_type=\"shortcode.default\">\n\t\t\t\t<div class=\"elementor-widget-container\">\n\t\t\t\t\t\t\t<div class=\"elementor-shortcode\"><a href=\"https:\/\/reach.virtual-routes.org\/oauth\/authorize\/?response_type=code&#038;client_id=xgiHbOaoobXlBd1zAF9KWWEJzHpSzzSq9BqBfuC7&#038;redirect_uri=https:\/\/virtual-routes.org\/oauth-callback\/&#038;state=00ab92aac26c811e819ae7ed505f25ad\" class=\"reach-login-btn\">Zaloguj si\u0119 za pomoc\u0105 Reach<\/a><\/div>\n\t\t\t\t\t\t<\/div>\n\t\t\t\t<\/div>\n\t\t\t\t<\/div>\n\t\t\t\t<div class=\"elementor-element elementor-element-821503b elementor-absolute e-transform elementor-hidden-tablet elementor-hidden-mobile dce_masking-none elementor-invisible elementor-widget elementor-widget-image\" data-id=\"821503b\" data-element_type=\"widget\" data-settings=\"{&quot;_position&quot;:&quot;absolute&quot;,&quot;_animation&quot;:&quot;slideInUp&quot;,&quot;_transform_rotateZ_effect&quot;:{&quot;unit&quot;:&quot;px&quot;,&quot;size&quot;:90,&quot;sizes&quot;:[]},&quot;_transform_rotateZ_effect_tablet&quot;:{&quot;unit&quot;:&quot;deg&quot;,&quot;size&quot;:&quot;&quot;,&quot;sizes&quot;:[]},&quot;_transform_rotateZ_effect_mobile&quot;:{&quot;unit&quot;:&quot;deg&quot;,&quot;size&quot;:&quot;&quot;,&quot;sizes&quot;:[]}}\" data-widget_type=\"image.default\">\n\t\t\t\t<div class=\"elementor-widget-container\">\n\t\t\t\t\t\t\t\t\t\t\t\t\t\t\t<img alt=\"\" loading=\"lazy\" decoding=\"async\" width=\"767\" height=\"773\" src=\"https:\/\/virtual-routes.org\/wp-content\/uploads\/2024\/11\/white-stair.svg\" class=\"attachment-full size-full wp-image-10938\" \/>\t\t\t\t\t\t\t\t\t\t\t\t\t\t\t<\/div>\n\t\t\t\t<\/div>\n\t\t\t\t\t<\/div>\n\t\t\t\t<\/div>\n\t\t\t\t<\/div>","protected":false},"excerpt":{"rendered":"<p>Zaloguj si\u0119 Zresetuj has\u0142o | Zarejestruj si\u0119 |<\/p>","protected":false},"author":1,"featured_media":0,"parent":0,"menu_order":0,"comment_status":"closed","ping_status":"closed","template":"","meta":{"_acf_changed":false,"_seopress_robots_primary_cat":"","_seopress_titles_title":"","_seopress_titles_desc":"","_seopress_robots_index":"","inline_featured_image":false,"footnotes":""},"class_list":["post-37951","page","type-page","status-publish","hentry"],"acf":[],"_links":{"self":[{"href":"https:\/\/virtual-routes.org\/pl\/wp-json\/wp\/v2\/pages\/37951","targetHints":{"allow":["GET"]}}],"collection":[{"href":"https:\/\/virtual-routes.org\/pl\/wp-json\/wp\/v2\/pages"}],"about":[{"href":"https:\/\/virtual-routes.org\/pl\/wp-json\/wp\/v2\/types\/page"}],"author":[{"embeddable":true,"href":"https:\/\/virtual-routes.org\/pl\/wp-json\/wp\/v2\/users\/1"}],"replies":[{"embeddable":true,"href":"https:\/\/virtual-routes.org\/pl\/wp-json\/wp\/v2\/comments?post=37951"}],"version-history":[{"count":20,"href":"https:\/\/virtual-routes.org\/pl\/wp-json\/wp\/v2\/pages\/37951\/revisions"}],"predecessor-version":[{"id":43307,"href":"https:\/\/virtual-routes.org\/pl\/wp-json\/wp\/v2\/pages\/37951\/revisions\/43307"}],"wp:attachment":[{"href":"https:\/\/virtual-routes.org\/pl\/wp-json\/wp\/v2\/media?parent=37951"}],"curies":[{"name":"wp","href":"https:\/\/api.w.org\/{rel}","templated":true}]}}