{"id":43,"date":"2024-09-20T10:20:45","date_gmt":"2024-09-20T10:20:45","guid":{"rendered":"https:\/\/virtual-routes.org\/?page_id=43"},"modified":"2025-02-19T15:33:32","modified_gmt":"2025-02-19T15:33:32","slug":"skaitymu-portalas","status":"publish","type":"page","link":"https:\/\/virtual-routes.org\/lt\/skaitymu-portalas\/","title":{"rendered":"Skaitym\u0173 portalas"},"content":{"rendered":"<div data-elementor-type=\"wp-page\" data-elementor-id=\"43\" class=\"elementor elementor-43\" data-elementor-post-type=\"page\">\n\t\t\t\t<div class=\"elementor-element elementor-element-bc966e8 e-flex e-con-boxed e-con e-parent\" data-id=\"bc966e8\" data-element_type=\"container\" data-settings=\"{&quot;background_background&quot;:&quot;classic&quot;}\">\n\t\t\t\t\t<div class=\"e-con-inner\">\n\t\t<div class=\"elementor-element elementor-element-42639fd e-con-full e-flex e-con e-child\" data-id=\"42639fd\" data-element_type=\"container\">\n\t\t\t\t<div data-dce-title-color=\"#0E093A\" class=\"elementor-element elementor-element-d4100e3 elementor-widget elementor-widget-heading\" data-id=\"d4100e3\" data-element_type=\"widget\" data-widget_type=\"heading.default\">\n\t\t\t\t<div class=\"elementor-widget-container\">\n\t\t\t\t\t<h1 class=\"elementor-heading-title elementor-size-default\">Sveiki atvyk\u0119 \u012f Kibernetinio saugumo ir dirbtinio intelekto skaitym\u0173 portal\u0105!<\/h1>\t\t\t\t<\/div>\n\t\t\t\t<\/div>\n\t\t\t\t<div class=\"elementor-element elementor-element-34307a0 elementor-widget elementor-widget-heading\" data-id=\"34307a0\" data-element_type=\"widget\" data-widget_type=\"heading.default\">\n\t\t\t\t<div class=\"elementor-widget-container\">\n\t\t\t\t\t<h2 class=\"elementor-heading-title elementor-size-default\">\u0160is portalas - tai vadovas, padedantis nuspr\u0119sti, kokius skaitinius \u012ftraukti \u012f savo mokymo programas. Sudaryti s\u0105ra\u0161ai paimti i\u0161 geriausi\u0173 pasaulio universitet\u0173 vie\u0161\u0173 mokymo program\u0173. Skaitiniai suskirstyti \u012f kategorijas, kad b\u016bt\u0173 lengviau rasti reikiam\u0105 med\u017eiag\u0105 savo kursams.\n\nTikim\u0117s, kad \u0161is portalas pad\u0117s jums prad\u0117ti rinktis svarbiausius skaitinius savo akademiniams poreikiams.<\/h2>\t\t\t\t<\/div>\n\t\t\t\t<\/div>\n\t\t\t\t<\/div>\n\t\t<div class=\"elementor-element elementor-element-26a0e3d e-con-full e-flex e-con e-child\" data-id=\"26a0e3d\" data-element_type=\"container\">\n\t\t\t\t<div class=\"elementor-element elementor-element-bfb44e1 dce_masking-none elementor-widget elementor-widget-image\" data-id=\"bfb44e1\" data-element_type=\"widget\" data-widget_type=\"image.default\">\n\t\t\t\t<div class=\"elementor-widget-container\">\n\t\t\t\t\t\t\t\t\t\t\t\t\t\t\t<img alt=\"\" loading=\"lazy\" decoding=\"async\" width=\"800\" height=\"640\" src=\"https:\/\/virtual-routes.org\/wp-content\/uploads\/2024\/11\/10-ReadingsPortal-web-1024x819.png\" class=\"attachment-large size-large wp-image-20048\" srcset=\"https:\/\/virtual-routes.org\/wp-content\/uploads\/2024\/11\/10-ReadingsPortal-web-1024x819.png 1024w, https:\/\/virtual-routes.org\/wp-content\/uploads\/2024\/11\/10-ReadingsPortal-web-300x240.png 300w, https:\/\/virtual-routes.org\/wp-content\/uploads\/2024\/11\/10-ReadingsPortal-web-768x614.png 768w, https:\/\/virtual-routes.org\/wp-content\/uploads\/2024\/11\/10-ReadingsPortal-web.png 1200w\" sizes=\"auto, (max-width: 800px) 100vw, 800px\" \/>\t\t\t\t\t\t\t\t\t\t\t\t\t\t\t<\/div>\n\t\t\t\t<\/div>\n\t\t\t\t<\/div>\n\t\t\t\t<div class=\"elementor-element elementor-element-81f1a43 elementor-absolute elementor-hidden-mobile dce_masking-none elementor-invisible elementor-widget elementor-widget-image\" data-id=\"81f1a43\" data-element_type=\"widget\" data-settings=\"{&quot;_position&quot;:&quot;absolute&quot;,&quot;_animation&quot;:&quot;slideInRight&quot;}\" data-widget_type=\"image.default\">\n\t\t\t\t<div class=\"elementor-widget-container\">\n\t\t\t\t\t\t\t\t\t\t\t\t\t\t\t<img alt=\"\" loading=\"lazy\" decoding=\"async\" width=\"767\" height=\"773\" src=\"https:\/\/virtual-routes.org\/wp-content\/uploads\/2024\/11\/Group-4.svg\" class=\"attachment-full size-full wp-image-1898\" \/>\t\t\t\t\t\t\t\t\t\t\t\t\t\t\t<\/div>\n\t\t\t\t<\/div>\n\t\t\t\t\t<\/div>\n\t\t\t\t<\/div>\n\t\t<div class=\"elementor-element elementor-element-2283119 e-flex e-con-boxed e-con e-parent\" data-id=\"2283119\" data-element_type=\"container\" data-settings=\"{&quot;background_background&quot;:&quot;classic&quot;}\">\n\t\t\t\t\t<div class=\"e-con-inner\">\n\t\t<div class=\"elementor-element elementor-element-b78a0c4 e-con-full e-flex e-con e-child\" data-id=\"b78a0c4\" data-element_type=\"container\">\n\t\t\t\t<div class=\"elementor-element elementor-element-798d51d elementor-widget elementor-widget-heading\" data-id=\"798d51d\" data-element_type=\"widget\" data-widget_type=\"heading.default\">\n\t\t\t\t<div class=\"elementor-widget-container\">\n\t\t\t\t\t<h2 class=\"elementor-heading-title elementor-size-default\">Mokymo programos k\u016br\u0117jas<\/h2>\t\t\t\t<\/div>\n\t\t\t\t<\/div>\n\t\t\t\t<div class=\"elementor-element elementor-element-d52fe83 clickable elementor-widget elementor-widget-text-editor\" data-id=\"d52fe83\" data-element_type=\"widget\" data-widget_type=\"text-editor.default\">\n\t\t\t\t<div class=\"elementor-widget-container\">\n\t\t\t\t\t\t\t\t\t<div id=\"viewHelpModal\" class=\"link\">Reikia pagalbos? <strong>Spauskite \u010dia<\/strong> instrukcij\u0173.<\/div>\t\t\t\t\t\t\t\t<\/div>\n\t\t\t\t<\/div>\n\t\t\t\t<\/div>\n\t\t<div class=\"elementor-element elementor-element-8ff2e44 e-con-full e-flex e-con e-child\" data-id=\"8ff2e44\" data-element_type=\"container\">\n\t\t\t\t<div class=\"elementor-element elementor-element-88a8aba clickable elementor-widget elementor-widget-button\" data-id=\"88a8aba\" data-element_type=\"widget\" data-widget_type=\"button.default\">\n\t\t\t\t<div class=\"elementor-widget-container\">\n\t\t\t\t\t\t\t\t\t<div class=\"elementor-button-wrapper\">\n\t\t\t\t\t<a class=\"elementor-button elementor-size-sm\" role=\"button\" id=\"viewSelectedButton\">\n\t\t\t\t\t\t<span class=\"elementor-button-content-wrapper\">\n\t\t\t\t\t\t\t\t\t<span class=\"elementor-button-text\">Per\u017ei\u016br\u0117ti mokymo program\u0105<\/span>\n\t\t\t\t\t<\/span>\n\t\t\t\t\t<\/a>\n\t\t\t\t<\/div>\n\t\t\t\t\t\t\t\t<\/div>\n\t\t\t\t<\/div>\n\t\t\t\t<\/div>\n\t\t\t\t\t<\/div>\n\t\t\t\t<\/div>\n\t\t<div class=\"elementor-element elementor-element-625c286 e-flex e-con-boxed e-con e-parent\" data-id=\"625c286\" data-element_type=\"container\">\n\t\t\t\t\t<div class=\"e-con-inner\">\n\t\t\t\t<div class=\"elementor-element elementor-element-26a0325 elementor-grid-3 elementor-grid-tablet-2 elementor-grid-mobile-1 elementor-widget elementor-widget-loop-grid\" data-id=\"26a0325\" data-element_type=\"widget\" data-settings=\"{&quot;template_id&quot;:&quot;10631&quot;,&quot;_skin&quot;:&quot;post_taxonomy&quot;,&quot;columns&quot;:3,&quot;columns_tablet&quot;:&quot;2&quot;,&quot;columns_mobile&quot;:&quot;1&quot;,&quot;edit_handle_selector&quot;:&quot;[data-elementor-type=\\&quot;loop-item\\&quot;]&quot;,&quot;row_gap&quot;:{&quot;unit&quot;:&quot;px&quot;,&quot;size&quot;:&quot;&quot;,&quot;sizes&quot;:[]},&quot;row_gap_tablet&quot;:{&quot;unit&quot;:&quot;px&quot;,&quot;size&quot;:&quot;&quot;,&quot;sizes&quot;:[]},&quot;row_gap_mobile&quot;:{&quot;unit&quot;:&quot;px&quot;,&quot;size&quot;:&quot;&quot;,&quot;sizes&quot;:[]}}\" data-widget_type=\"loop-grid.post_taxonomy\">\n\t\t\t\t<div class=\"elementor-widget-container\">\n\t\t\t\t\t\t\t<div class=\"elementor-loop-container elementor-grid\" role=\"list\">\n\t\t<style id=\"loop-10631\">.elementor-10631 .elementor-element.elementor-element-9f5f49d{--display:flex;--flex-direction:column;--container-widget-width:calc( ( 1 - var( --container-widget-flex-grow ) ) * 100% );--container-widget-height:initial;--container-widget-flex-grow:0;--container-widget-align-self:initial;--flex-wrap-mobile:wrap;--justify-content:center;--align-items:center;--overflow:hidden;border-style:solid;--border-style:solid;border-width:3px 3px 3px 3px;--border-top-width:3px;--border-right-width:3px;--border-bottom-width:3px;--border-left-width:3px;border-color:var( --e-global-color-7501ff5 );--border-color:var( --e-global-color-7501ff5 );--border-radius:8px 8px 8px 8px;--padding-top:30px;--padding-bottom:30px;--padding-left:30px;--padding-right:30px;}.elementor-widget-image .widget-image-caption{font-family:var( --e-global-typography-text-font-family ), Sans-serif;font-size:var( --e-global-typography-text-font-size );font-weight:var( --e-global-typography-text-font-weight );line-height:var( --e-global-typography-text-line-height );}.elementor-10631 .elementor-element.elementor-element-a83bb6a{width:auto;max-width:auto;}.elementor-10631 .elementor-element.elementor-element-a83bb6a img{width:100%;max-width:130px;}.elementor-widget-heading .elementor-heading-title{font-family:var( --e-global-typography-primary-font-family ), Sans-serif;font-weight:var( --e-global-typography-primary-font-weight );}.elementor-10631 .elementor-element.elementor-element-21df422{text-align:center;}.elementor-10631 .elementor-element.elementor-element-21df422 .elementor-heading-title{font-family:\"General Sans\", Sans-serif;font-size:1rem;font-weight:600;line-height:1.7rem;color:var( --e-global-color-7501ff5 );}@media(min-width:768px){.elementor-10631 .elementor-element.elementor-element-9f5f49d{--width:100%;}}@media(max-width:1024px){.elementor-widget-image .widget-image-caption{font-size:var( --e-global-typography-text-font-size );line-height:var( --e-global-typography-text-line-height );}}@media(max-width:767px){.elementor-widget-image .widget-image-caption{font-size:var( --e-global-typography-text-font-size );line-height:var( --e-global-typography-text-line-height );}}<\/style>\t\t<div data-elementor-type=\"loop-item\" data-elementor-id=\"10631\" class=\"elementor elementor-10631 e-loop-item e-loop-item-619\" data-elementor-post-type=\"elementor_library\" data-custom-edit-handle=\"1\">\n\t\t\t<a class=\"elementor-element elementor-element-9f5f49d e-con-full e-flex e-con e-child\" data-id=\"9f5f49d\" data-element_type=\"container\" data-settings=\"{&quot;background_background&quot;:&quot;classic&quot;}\" href=\"https:\/\/virtual-routes.org\/lt\/portalo-kategorija\/dirbtinis-intelektas-2\/\">\n\t\t\t\t<div class=\"elementor-element elementor-element-a83bb6a elementor-widget__width-auto dce_masking-none elementor-widget elementor-widget-image\" data-id=\"a83bb6a\" data-element_type=\"widget\" data-widget_type=\"image.default\">\n\t\t\t\t<div class=\"elementor-widget-container\">\n\t\t\t\t\t\t\t\t\t\t\t\t\t\t\t<img decoding=\"async\" src=\"https:\/\/virtual-routes.org\/wp-content\/uploads\/2024\/11\/c24d17f4-b495-4302-a8dd-37b8f941f542.png\" title=\"\" alt=\"\" loading=\"lazy\" \/>\t\t\t\t\t\t\t\t\t\t\t\t\t\t\t<\/div>\n\t\t\t\t<\/div>\n\t\t\t\t<div data-dce-title-color=\"#0E093A\" class=\"elementor-element elementor-element-21df422 elementor-widget elementor-widget-heading\" data-id=\"21df422\" data-element_type=\"widget\" data-widget_type=\"heading.default\">\n\t\t\t\t<div class=\"elementor-widget-container\">\n\t\t\t\t\t<h2 class=\"elementor-heading-title elementor-size-default\">Dirbtinis intelektas<\/h2>\t\t\t\t<\/div>\n\t\t\t\t<\/div>\n\t\t\t\t<\/a>\n\t\t\t\t<\/div>\n\t\t\t\t<div data-elementor-type=\"loop-item\" data-elementor-id=\"10631\" class=\"elementor elementor-10631 e-loop-item e-loop-item-617\" data-elementor-post-type=\"elementor_library\" data-custom-edit-handle=\"1\">\n\t\t\t<a class=\"elementor-element elementor-element-9f5f49d e-con-full e-flex e-con e-child\" data-id=\"9f5f49d\" data-element_type=\"container\" data-settings=\"{&quot;background_background&quot;:&quot;classic&quot;}\" href=\"https:\/\/virtual-routes.org\/lt\/portalo-kategorija\/kibernetinis-saugumas\/\">\n\t\t\t\t<div class=\"elementor-element elementor-element-a83bb6a elementor-widget__width-auto dce_masking-none elementor-widget elementor-widget-image\" data-id=\"a83bb6a\" data-element_type=\"widget\" data-widget_type=\"image.default\">\n\t\t\t\t<div class=\"elementor-widget-container\">\n\t\t\t\t\t\t\t\t\t\t\t\t\t\t\t<img decoding=\"async\" src=\"https:\/\/virtual-routes.org\/wp-content\/uploads\/2024\/11\/34e06090-65c3-433c-b082-a56294238e6a.png\" title=\"\" alt=\"\" loading=\"lazy\" \/>\t\t\t\t\t\t\t\t\t\t\t\t\t\t\t<\/div>\n\t\t\t\t<\/div>\n\t\t\t\t<div data-dce-title-color=\"#0E093A\" class=\"elementor-element elementor-element-21df422 elementor-widget elementor-widget-heading\" data-id=\"21df422\" data-element_type=\"widget\" data-widget_type=\"heading.default\">\n\t\t\t\t<div class=\"elementor-widget-container\">\n\t\t\t\t\t<h2 class=\"elementor-heading-title elementor-size-default\">Kibernetinis saugumas<\/h2>\t\t\t\t<\/div>\n\t\t\t\t<\/div>\n\t\t\t\t<\/a>\n\t\t\t\t<\/div>\n\t\t\t\t<\/div>\n\t\t\t\t\t\t<\/div>\n\t\t\t\t<\/div>\n\t\t\t\t\t<\/div>\n\t\t\t\t<\/div>\n\t\t\t\t<\/div>","protected":false},"excerpt":{"rendered":"<p>\u0160is portalas - tai vadovas, padedantis nuspr\u0119sti, kokius skaitinius \u012ftraukti \u012f savo mokymo programas. Sudaryti s\u0105ra\u0161ai paimti i\u0161 geriausi\u0173 pasaulio universitet\u0173 vie\u0161\u0173 mokymo program\u0173. Skaitiniai suskirstyti \u012f kategorijas, kad b\u016bt\u0173 lengviau rasti reikiam\u0105 med\u017eiag\u0105 savo kursams. Tikim\u0117s, kad \u0161is portalas pad\u0117s jums prad\u0117ti rinktis svarbiausius skaitinius savo akademiniams poreikiams.<\/p>","protected":false},"author":1,"featured_media":20048,"parent":0,"menu_order":0,"comment_status":"closed","ping_status":"closed","template":"","meta":{"_acf_changed":false,"_seopress_robots_primary_cat":"","_seopress_titles_title":"","_seopress_titles_desc":"","_seopress_robots_index":"","inline_featured_image":false,"footnotes":""},"class_list":["post-43","page","type-page","status-publish","has-post-thumbnail","hentry"],"acf":[],"_links":{"self":[{"href":"https:\/\/virtual-routes.org\/lt\/wp-json\/wp\/v2\/pages\/43","targetHints":{"allow":["GET"]}}],"collection":[{"href":"https:\/\/virtual-routes.org\/lt\/wp-json\/wp\/v2\/pages"}],"about":[{"href":"https:\/\/virtual-routes.org\/lt\/wp-json\/wp\/v2\/types\/page"}],"author":[{"embeddable":true,"href":"https:\/\/virtual-routes.org\/lt\/wp-json\/wp\/v2\/users\/1"}],"replies":[{"embeddable":true,"href":"https:\/\/virtual-routes.org\/lt\/wp-json\/wp\/v2\/comments?post=43"}],"version-history":[{"count":44,"href":"https:\/\/virtual-routes.org\/lt\/wp-json\/wp\/v2\/pages\/43\/revisions"}],"predecessor-version":[{"id":35874,"href":"https:\/\/virtual-routes.org\/lt\/wp-json\/wp\/v2\/pages\/43\/revisions\/35874"}],"wp:featuredmedia":[{"embeddable":true,"href":"https:\/\/virtual-routes.org\/lt\/wp-json\/wp\/v2\/media\/20048"}],"wp:attachment":[{"href":"https:\/\/virtual-routes.org\/lt\/wp-json\/wp\/v2\/media?parent=43"}],"curies":[{"name":"wp","href":"https:\/\/api.w.org\/{rel}","templated":true}]}}