{"id":22924,"date":"2024-11-28T13:27:51","date_gmt":"2024-11-28T13:27:51","guid":{"rendered":"https:\/\/virtual-routes.org\/?page_id=22924"},"modified":"2025-06-30T07:32:59","modified_gmt":"2025-06-30T06:32:59","slug":"kibernetinio-saugumo-kursai","status":"publish","type":"page","link":"https:\/\/virtual-routes.org\/lt\/kibernetinio-saugumo-kursai\/","title":{"rendered":"Kibernetinio saugumo kursai"},"content":{"rendered":"<div data-elementor-type=\"wp-page\" data-elementor-id=\"22924\" class=\"elementor elementor-22924\" data-elementor-post-type=\"page\">\n\t\t\t\t<div class=\"elementor-element elementor-element-c1efb2b e-flex e-con-boxed e-con e-parent\" data-id=\"c1efb2b\" data-element_type=\"container\" data-settings=\"{&quot;background_background&quot;:&quot;classic&quot;}\">\n\t\t\t\t\t<div class=\"e-con-inner\">\n\t\t<div class=\"elementor-element elementor-element-152a237 e-con-full e-flex e-con e-child\" data-id=\"152a237\" data-element_type=\"container\">\n\t\t\t\t<div data-dce-title-color=\"#0E093A\" class=\"elementor-element elementor-element-5919a11 elementor-widget elementor-widget-heading\" data-id=\"5919a11\" data-element_type=\"widget\" data-widget_type=\"heading.default\">\n\t\t\t\t<div class=\"elementor-widget-container\">\n\t\t\t\t\t<h1 class=\"elementor-heading-title elementor-size-default\">\u012evadiniai internetiniai kursai apie kibernetin\u012f saugum\u0105<\/h1>\t\t\t\t<\/div>\n\t\t\t\t<\/div>\n\t\t\t\t<div class=\"elementor-element elementor-element-3076d25 elementor-widget elementor-widget-text-editor\" data-id=\"3076d25\" data-element_type=\"widget\" data-widget_type=\"text-editor.default\">\n\t\t\t\t<div class=\"elementor-widget-container\">\n\t\t\t\t\t\t\t\t\t<p>Kaip dalis <a href=\"https:\/\/virtual-routes.org\/lt\/iniciatyvos\/kibernetinio-saugumo-seminarai\/\">\"Google.org\" kibernetinio saugumo seminar\u0173 programa<\/a>, Virtual Routes pareng\u0117 tris specialiai pritaikytus \u012fvadinius internetinius kursus pagrindin\u0117mis kibernetinio saugumo temomis. \u0160iuos kursus Virtual Routes pareng\u0117 bendradarbiaudama su geriausiais savo srities mokslininkais, kuri\u0173 kiekvienas turi de\u0161imtme\u010dius trunkan\u010di\u0105 kibernetinio saugumo mokslini\u0173 tyrim\u0173 ir mokymo patirt\u012f.<\/p>\t\t\t\t\t\t\t\t<\/div>\n\t\t\t\t<\/div>\n\t\t\t\t<div class=\"elementor-element elementor-element-2d84a92 elementor-widget elementor-widget-button\" data-id=\"2d84a92\" data-element_type=\"widget\" data-widget_type=\"button.default\">\n\t\t\t\t<div class=\"elementor-widget-container\">\n\t\t\t\t\t\t\t\t\t<div class=\"elementor-button-wrapper\">\n\t\t\t\t\t<a class=\"elementor-button elementor-button-link elementor-size-sm\" href=\"\/lt\/prisijungimas\/\">\n\t\t\t\t\t\t<span class=\"elementor-button-content-wrapper\">\n\t\t\t\t\t\t\t\t\t<span class=\"elementor-button-text\">Eiti \u012f kursus<\/span>\n\t\t\t\t\t<\/span>\n\t\t\t\t\t<\/a>\n\t\t\t\t<\/div>\n\t\t\t\t\t\t\t\t<\/div>\n\t\t\t\t<\/div>\n\t\t\t\t<\/div>\n\t\t<div class=\"elementor-element elementor-element-0bce0ca e-con-full e-flex e-con e-child\" data-id=\"0bce0ca\" data-element_type=\"container\">\n\t\t\t\t<div class=\"elementor-element elementor-element-46437c8 dce_masking-none elementor-widget elementor-widget-video\" data-id=\"46437c8\" data-element_type=\"widget\" data-settings=\"{&quot;loop&quot;:&quot;yes&quot;,&quot;video_type&quot;:&quot;vimeo&quot;}\" data-widget_type=\"video.default\">\n\t\t\t\t<div class=\"elementor-widget-container\">\n\t\t\t\t\t\t\t<div class=\"elementor-wrapper elementor-open-inline\">\n\t\t\t<iframe class=\"elementor-video-iframe\" allowfullscreen allow=\"clipboard-write\" title=\"&quot;vimeo&quot; vaizdo \u012fra\u0161\u0173 grotuvas\" src=\"https:\/\/player.vimeo.com\/video\/1073105688?color&amp;autopause=0&amp;loop=1&amp;muted=0&amp;title=1&amp;portrait=1&amp;byline=1&amp;h=a86134bb2d#t=\"><\/iframe>\t\t<\/div>\n\t\t\t\t\t\t<\/div>\n\t\t\t\t<\/div>\n\t\t\t\t<\/div>\n\t\t\t\t<div class=\"elementor-element elementor-element-78426fd elementor-absolute hide-stairs dce_masking-none elementor-invisible elementor-widget elementor-widget-image\" data-id=\"78426fd\" data-element_type=\"widget\" data-settings=\"{&quot;_position&quot;:&quot;absolute&quot;,&quot;_animation&quot;:&quot;slideInLeft&quot;}\" data-widget_type=\"image.default\">\n\t\t\t\t<div class=\"elementor-widget-container\">\n\t\t\t\t\t\t\t\t\t\t\t\t\t\t\t<img alt=\"\" loading=\"lazy\" decoding=\"async\" width=\"800\" height=\"808\" src=\"https:\/\/virtual-routes.org\/wp-content\/uploads\/2024\/11\/Group-5.svg\" class=\"attachment-large size-large wp-image-1899\" \/>\t\t\t\t\t\t\t\t\t\t\t\t\t\t\t<\/div>\n\t\t\t\t<\/div>\n\t\t\t\t\t<\/div>\n\t\t\t\t<\/div>\n\t\t<div class=\"elementor-element elementor-element-5494a6d e-flex e-con-boxed e-con e-parent\" data-id=\"5494a6d\" data-element_type=\"container\" data-settings=\"{&quot;background_background&quot;:&quot;classic&quot;}\">\n\t\t\t\t\t<div class=\"e-con-inner\">\n\t\t<div class=\"elementor-element elementor-element-edc4245 e-con-full elementor-hidden-mobile e-flex e-con e-child\" data-id=\"edc4245\" data-element_type=\"container\" data-settings=\"{&quot;background_background&quot;:&quot;classic&quot;}\">\n\t\t\t\t<\/div>\n\t\t<div class=\"elementor-element elementor-element-18fefb4 e-con-full e-flex e-con e-child\" data-id=\"18fefb4\" data-element_type=\"container\" data-settings=\"{&quot;background_background&quot;:&quot;classic&quot;}\">\n\t\t\t\t<div class=\"elementor-element elementor-element-8d71faf elementor-widget__width-inherit elementor-widget elementor-widget-heading\" data-id=\"8d71faf\" data-element_type=\"widget\" data-widget_type=\"heading.default\">\n\t\t\t\t<div class=\"elementor-widget-container\">\n\t\t\t\t\t<h2 class=\"elementor-heading-title elementor-size-default\">K\u0105?<\/h2>\t\t\t\t<\/div>\n\t\t\t\t<\/div>\n\t\t\t\t<div class=\"elementor-element elementor-element-61405be elementor-widget elementor-widget-text-editor\" data-id=\"61405be\" data-element_type=\"widget\" data-widget_type=\"text-editor.default\">\n\t\t\t\t<div class=\"elementor-widget-container\">\n\t\t\t\t\t\t\t\t\t<p>Siekiant \u012fgyvendinti \"Google.org\" kibernetinio saugumo seminar\u0173 programos tikslus, kiekviename kurse pristatoma <strong>pagrindin\u0117s s\u0105vokos ir principai, iliustruoti ai\u0161kiais pavyzd\u017eiais.<\/strong> ir remiamas \u012fvairiomis interaktyviomis u\u017eduotimis, pavyzd\u017eiui, apm\u0105stym\u0173 momentais, diskusij\u0173 klausimais ir atvejo analiz\u0117s analize.<\/p>\t\t\t\t\t\t\t\t<\/div>\n\t\t\t\t<\/div>\n\t\t\t\t<div class=\"elementor-element elementor-element-083215c elementor-widget__width-inherit elementor-widget elementor-widget-heading\" data-id=\"083215c\" data-element_type=\"widget\" data-widget_type=\"heading.default\">\n\t\t\t\t<div class=\"elementor-widget-container\">\n\t\t\t\t\t<h2 class=\"elementor-heading-title elementor-size-default\">Kod\u0117l?<\/h2>\t\t\t\t<\/div>\n\t\t\t\t<\/div>\n\t\t\t\t<div class=\"elementor-element elementor-element-1a274ce elementor-widget elementor-widget-text-editor\" data-id=\"1a274ce\" data-element_type=\"widget\" data-widget_type=\"text-editor.default\">\n\t\t\t\t<div class=\"elementor-widget-container\">\n\t\t\t\t\t\t\t\t\t<p>\u0160iuose kursuose <strong>standartizuotas bazinis lygis mokiniams.<\/strong> dalyvauti \"Google.org\" kibernetinio saugumo seminar\u0173 programoje ir prad\u0117ti savo kelion\u0119 kibernetinio saugumo srityje. Jie u\u017etikrina, kad studentai i\u0161 \u012fvairi\u0173 sri\u010di\u0173 gali prad\u0117ti dalyvauti programoje tur\u0117dami pagrindini\u0173 \u017eini\u0173 pagrindin\u0117se srityse, ypa\u010d <strong>s\u0117kmingas bendradarbiavimas su vietos bendruomen\u0117s organizacijomis.<\/strong> (LCO).<\/p>\t\t\t\t\t\t\t\t<\/div>\n\t\t\t\t<\/div>\n\t\t\t\t<div class=\"elementor-element elementor-element-4605d8b elementor-widget__width-inherit elementor-widget elementor-widget-heading\" data-id=\"4605d8b\" data-element_type=\"widget\" data-widget_type=\"heading.default\">\n\t\t\t\t<div class=\"elementor-widget-container\">\n\t\t\t\t\t<h2 class=\"elementor-heading-title elementor-size-default\">Kaip?<\/h2>\t\t\t\t<\/div>\n\t\t\t\t<\/div>\n\t\t\t\t<div class=\"elementor-element elementor-element-1dd49b9 elementor-widget elementor-widget-text-editor\" data-id=\"1dd49b9\" data-element_type=\"widget\" data-widget_type=\"text-editor.default\">\n\t\t\t\t<div class=\"elementor-widget-container\">\n\t\t\t\t\t\t\t\t\t<p>\u0160iuos kursus gali lankyti tik \"Google.org\" kibernetinio saugumo seminar\u0173 programoje dalyvaujantys studentai. Kiekvien\u0105 kurs\u0105 sudaro <strong>parinktas vaizdo \u012fra\u0161\u0173 turinio ir pratim\u0173 u\u017euomin\u0173 derinys.<\/strong>sukurtas taip, kad studentai gal\u0117t\u0173 savaranki\u0161kai mokytis \u0161io kurso arba universitetai gal\u0117t\u0173 j\u012f \u012ftraukti \u012f savo kibernetinio saugumo seminarus.<\/p>\t\t\t\t\t\t\t\t<\/div>\n\t\t\t\t<\/div>\n\t\t\t\t<\/div>\n\t\t\t\t<div class=\"elementor-element elementor-element-ca67c5b elementor-absolute e-transform hide-stairs dce_masking-none elementor-widget elementor-widget-image\" data-id=\"ca67c5b\" data-element_type=\"widget\" data-settings=\"{&quot;_position&quot;:&quot;absolute&quot;,&quot;_transform_rotateZ_effect&quot;:{&quot;unit&quot;:&quot;px&quot;,&quot;size&quot;:90,&quot;sizes&quot;:[]},&quot;_transform_rotateZ_effect_tablet&quot;:{&quot;unit&quot;:&quot;deg&quot;,&quot;size&quot;:&quot;&quot;,&quot;sizes&quot;:[]},&quot;_transform_rotateZ_effect_mobile&quot;:{&quot;unit&quot;:&quot;deg&quot;,&quot;size&quot;:&quot;&quot;,&quot;sizes&quot;:[]}}\" data-widget_type=\"image.default\">\n\t\t\t\t<div class=\"elementor-widget-container\">\n\t\t\t\t\t\t\t\t\t\t\t\t\t\t\t<img alt=\"\" loading=\"lazy\" decoding=\"async\" width=\"800\" height=\"808\" src=\"https:\/\/virtual-routes.org\/wp-content\/uploads\/2024\/11\/white-stair.svg\" class=\"attachment-large size-large wp-image-10938\" \/>\t\t\t\t\t\t\t\t\t\t\t\t\t\t\t<\/div>\n\t\t\t\t<\/div>\n\t\t\t\t\t<\/div>\n\t\t\t\t<\/div>\n\t\t<div class=\"elementor-element elementor-element-b2d0089 e-flex e-con-boxed e-con e-parent\" data-id=\"b2d0089\" data-element_type=\"container\" data-settings=\"{&quot;background_background&quot;:&quot;classic&quot;}\">\n\t\t\t\t\t<div class=\"e-con-inner\">\n\t\t\t\t<div class=\"elementor-element elementor-element-7502cdc elementor-widget__width-inherit elementor-widget elementor-widget-heading\" data-id=\"7502cdc\" data-element_type=\"widget\" data-widget_type=\"heading.default\">\n\t\t\t\t<div class=\"elementor-widget-container\">\n\t\t\t\t\t<h2 class=\"elementor-heading-title elementor-size-default\">KURSAI<\/h2>\t\t\t\t<\/div>\n\t\t\t\t<\/div>\n\t\t<div class=\"elementor-element elementor-element-0c50439 e-con-full e-flex e-con e-child\" data-id=\"0c50439\" data-element_type=\"container\" data-settings=\"{&quot;background_background&quot;:&quot;classic&quot;}\">\n\t\t\t\t<div data-dce-title-color=\"#0E093A\" class=\"elementor-element elementor-element-be2d47f elementor-widget__width-inherit elementor-widget elementor-widget-heading\" data-id=\"be2d47f\" data-element_type=\"widget\" data-widget_type=\"heading.default\">\n\t\t\t\t<div class=\"elementor-widget-container\">\n\t\t\t\t\t<h2 class=\"elementor-heading-title elementor-size-default\">Kibernetinio saugumo \u012fvadas<\/h2>\t\t\t\t<\/div>\n\t\t\t\t<\/div>\n\t\t<div class=\"elementor-element elementor-element-717d90c e-con-full e-flex e-con e-child\" data-id=\"717d90c\" data-element_type=\"container\">\n\t\t\t\t<div class=\"elementor-element elementor-element-0dc48d1 elementor-widget elementor-widget-heading\" data-id=\"0dc48d1\" data-element_type=\"widget\" data-widget_type=\"heading.default\">\n\t\t\t\t<div class=\"elementor-widget-container\">\n\t\t\t\t\t<h2 class=\"elementor-heading-title elementor-size-default\">Dr. Jason Nurse, Kento universiteto kibernetinio saugumo lektorius<\/h2>\t\t\t\t<\/div>\n\t\t\t\t<\/div>\n\t\t\t\t<\/div>\n\t\t\t\t<div class=\"elementor-element elementor-element-9ec19c4 elementor-widget elementor-widget-text-editor\" data-id=\"9ec19c4\" data-element_type=\"widget\" data-widget_type=\"text-editor.default\">\n\t\t\t\t<div class=\"elementor-widget-container\">\n\t\t\t\t\t\t\t\t\t<p>\u0160iame kurse daktaras Jasonas Nurse'as supa\u017eindina su kibernetinio saugumo kilme ir reik\u0161me bei susijusiomis s\u0105vokomis, parodydamas, kad kibernetinis saugumas apima daugyb\u0119 disciplin\u0173 ir mokslini\u0173 tyrim\u0173 sri\u010di\u0173. Dr. Nurse'as aptaria \u017emogi\u0161kuosius kibernetinio saugumo aspektus, \u012fskaitant naudotojo kontekst\u0105, taip pat \u017emogi\u0161kuosius u\u017epuoliko ir gyn\u0117jo dinamikos aspektus. Po to daktaras Nurse'as daugiausia d\u0117mesio skiria \u012fprastoms kibernetinio saugumo kontrol\u0117s priemon\u0117ms, parodydamas, kaip jos gali pad\u0117ti greitai pakelti kibernetinio saugumo lyg\u012f LCO, ta\u010diau turi tam tikr\u0173 reik\u0161ming\u0173 apribojim\u0173. Galiausiai daktaras Nurse'as nagrin\u0117ja nauj\u0105 kibernetin\u0117s \u017ealos ir rizikos valdymo tem\u0105.<\/p>\t\t\t\t\t\t\t\t<\/div>\n\t\t\t\t<\/div>\n\t\t\t\t<\/div>\n\t\t<div class=\"elementor-element elementor-element-1b82723 e-con-full e-flex e-con e-child\" data-id=\"1b82723\" data-element_type=\"container\" data-settings=\"{&quot;background_background&quot;:&quot;classic&quot;}\">\n\t\t\t\t<div data-dce-title-color=\"#0E093A\" class=\"elementor-element elementor-element-3e6694b elementor-widget__width-inherit elementor-widget elementor-widget-heading\" data-id=\"3e6694b\" data-element_type=\"widget\" data-widget_type=\"heading.default\">\n\t\t\t\t<div class=\"elementor-widget-container\">\n\t\t\t\t\t<h2 class=\"elementor-heading-title elementor-size-default\">\u012evadas \u012f sistem\u0173 saugum\u0105<\/h2>\t\t\t\t<\/div>\n\t\t\t\t<\/div>\n\t\t<div class=\"elementor-element elementor-element-33a8a7a e-con-full e-flex e-con e-child\" data-id=\"33a8a7a\" data-element_type=\"container\">\n\t\t\t\t<div class=\"elementor-element elementor-element-7948158 elementor-widget elementor-widget-heading\" data-id=\"7948158\" data-element_type=\"widget\" data-widget_type=\"heading.default\">\n\t\t\t\t<div class=\"elementor-widget-container\">\n\t\t\t\t\t<h2 class=\"elementor-heading-title elementor-size-default\">Oksfordo universiteto sistem\u0173 saugumo profesorius Andrew Martinas<\/h2>\t\t\t\t<\/div>\n\t\t\t\t<\/div>\n\t\t\t\t<\/div>\n\t\t\t\t<div class=\"elementor-element elementor-element-99767d0 elementor-widget elementor-widget-text-editor\" data-id=\"99767d0\" data-element_type=\"widget\" data-widget_type=\"text-editor.default\">\n\t\t\t\t<div class=\"elementor-widget-container\">\n\t\t\t\t\t\t\t\t\t<p>\u0160iame kurse profesorius Andrew Martinas supa\u017eindina su skaitmenini\u0173 sistem\u0173 kibernetiniu saugumu. Pirmiausia profesorius A. Martinas pateikia pagrindines sistem\u0173 projektavimo ir \u012fgyvendinimo s\u0105vokas, taip pat pagrindines skaitmenin\u0117ms sistemoms kylan\u010dias gr\u0117smes. Po to profesorius A. Martinas aptaria sistem\u0173 projektavimo sritis, turin\u010dias plat\u0173 poveik\u012f kibernetiniam saugumui, pavyzd\u017eiui, \u0161ifravim\u0105 ir autenti\u0161kumo nustatym\u0105. \u0160ie atvejai parodo, kaip abstrakcija padeda naudotojams ir projektuotojams \u012fveikti did\u017eiul\u012f skaitmenini\u0173 sistem\u0173 sud\u0117tingum\u0105, ta\u010diau savo ruo\u017etu sukuria prielaidas ir l\u016bkes\u010dius, kurie sukuria saugumo spragas ir lemia sistemos nes\u0117kmes.<\/p>\t\t\t\t\t\t\t\t<\/div>\n\t\t\t\t<\/div>\n\t\t\t\t<\/div>\n\t\t<div class=\"elementor-element elementor-element-1f707b0 e-con-full e-flex e-con e-child\" data-id=\"1f707b0\" data-element_type=\"container\" data-settings=\"{&quot;background_background&quot;:&quot;classic&quot;}\">\n\t\t\t\t<div data-dce-title-color=\"#0E093A\" class=\"elementor-element elementor-element-d85ade6 elementor-widget__width-inherit elementor-widget elementor-widget-heading\" data-id=\"d85ade6\" data-element_type=\"widget\" data-widget_type=\"heading.default\">\n\t\t\t\t<div class=\"elementor-widget-container\">\n\t\t\t\t\t<h2 class=\"elementor-heading-title elementor-size-default\">Kibernetinis saugumas visuomen\u0117je<\/h2>\t\t\t\t<\/div>\n\t\t\t\t<\/div>\n\t\t<div class=\"elementor-element elementor-element-56168a3 e-con-full e-flex e-con e-child\" data-id=\"56168a3\" data-element_type=\"container\">\n\t\t\t\t<div class=\"elementor-element elementor-element-f33ed2e elementor-widget elementor-widget-heading\" data-id=\"f33ed2e\" data-element_type=\"widget\" data-widget_type=\"heading.default\">\n\t\t\t\t<div class=\"elementor-widget-container\">\n\t\t\t\t\t<h2 class=\"elementor-heading-title elementor-size-default\">Lizzie Coles-Kemp, Sociotechninio kibernetinio saugumo tyrim\u0173 instituto (RISCS) vyriausioji mokslo darbuotoja<\/h2>\t\t\t\t<\/div>\n\t\t\t\t<\/div>\n\t\t\t\t<\/div>\n\t\t\t\t<div class=\"elementor-element elementor-element-82b0ff2 elementor-widget elementor-widget-text-editor\" data-id=\"82b0ff2\" data-element_type=\"widget\" data-widget_type=\"text-editor.default\">\n\t\t\t\t<div class=\"elementor-widget-container\">\n\t\t\t\t\t\t\t\t\t<p>\u0160iame kurse profesor\u0117 Lizzie Coles-Kemp nagrin\u0117ja kibernetinio saugumo viet\u0105 visuomen\u0117je. Pirmiausia profesor\u0117 L. Coles-Kemp i\u0161samiai apib\u016bdina kibernetinio saugumo problem\u0173 poveik\u012f visuomenei ir pristato \u012f \u017emog\u0173 orientuoto kibernetinio saugumo s\u0105vok\u0105, remdamasi naudingo saugumo ir \u012f vartotoj\u0105 orientuoto dizaino teorijomis. Po to profesorius Coles-Kemp pristato po\u017ei\u016br\u012f \u012f vietos bendruomen\u0117s dalyvavim\u0105, kuris kvestionuoja saugumo ortodoksijas ir pripa\u017e\u012fsta darbo su \u012fvairiomis, marginalizuotomis ir ma\u017eum\u0173 grup\u0117mis realijas. Kursas baigiamas kibernetinio saugumo aspekt\u0173, susijusi\u0173 su neoficialiai padedama prieiga prie skaitmenini\u0173 technologij\u0173, atvejo tyrimu.<\/p>\t\t\t\t\t\t\t\t<\/div>\n\t\t\t\t<\/div>\n\t\t\t\t<\/div>\n\t\t\t\t\t<\/div>\n\t\t\t\t<\/div>\n\t\t<div class=\"elementor-element elementor-element-b5a49a0 e-flex e-con-boxed e-con e-parent\" data-id=\"b5a49a0\" data-element_type=\"container\">\n\t\t\t\t\t<div class=\"e-con-inner\">\n\t\t\t\t<div class=\"elementor-element elementor-element-9e4315f elementor-align-center elementor-widget__width-inherit elementor-widget elementor-widget-button\" data-id=\"9e4315f\" data-element_type=\"widget\" data-widget_type=\"button.default\">\n\t\t\t\t<div class=\"elementor-widget-container\">\n\t\t\t\t\t\t\t\t\t<div class=\"elementor-button-wrapper\">\n\t\t\t\t\t<a class=\"elementor-button elementor-button-link elementor-size-sm\" href=\"\/lt\/prisijungimas\/\">\n\t\t\t\t\t\t<span class=\"elementor-button-content-wrapper\">\n\t\t\t\t\t\t\t\t\t<span class=\"elementor-button-text\">Eiti \u012f kursus<\/span>\n\t\t\t\t\t<\/span>\n\t\t\t\t\t<\/a>\n\t\t\t\t<\/div>\n\t\t\t\t\t\t\t\t<\/div>\n\t\t\t\t<\/div>\n\t\t\t\t\t<\/div>\n\t\t\t\t<\/div>\n\t\t\t\t<\/div>","protected":false},"excerpt":{"rendered":"<p>\u012evadiniai internetiniai kibernetinio saugumo kursai Dalyvaudama \"Google.org\" kibernetinio saugumo seminar\u0173 programoje, Virtual Routes pareng\u0117 tris specialiai pritaikytus \u012fvadinius internetinius kursus pagrindin\u0117mis kibernetinio saugumo temomis. \u0160iuos kursus pareng\u0117 Virtual Routes, bendradarbiaudama su geriausiais savo srities mokslininkais, turin\u010diais ilgamet\u0119 kibernetinio saugumo mokslini\u0173 tyrim\u0173 ir mokymo patirt\u012f. Eikite \u012f [...]<\/p>","protected":false},"author":1,"featured_media":0,"parent":0,"menu_order":0,"comment_status":"closed","ping_status":"closed","template":"","meta":{"_acf_changed":false,"_seopress_robots_primary_cat":"","_seopress_titles_title":"","_seopress_titles_desc":"","_seopress_robots_index":"","inline_featured_image":false,"footnotes":""},"class_list":["post-22924","page","type-page","status-publish","hentry"],"acf":[],"_links":{"self":[{"href":"https:\/\/virtual-routes.org\/lt\/wp-json\/wp\/v2\/pages\/22924","targetHints":{"allow":["GET"]}}],"collection":[{"href":"https:\/\/virtual-routes.org\/lt\/wp-json\/wp\/v2\/pages"}],"about":[{"href":"https:\/\/virtual-routes.org\/lt\/wp-json\/wp\/v2\/types\/page"}],"author":[{"embeddable":true,"href":"https:\/\/virtual-routes.org\/lt\/wp-json\/wp\/v2\/users\/1"}],"replies":[{"embeddable":true,"href":"https:\/\/virtual-routes.org\/lt\/wp-json\/wp\/v2\/comments?post=22924"}],"version-history":[{"count":20,"href":"https:\/\/virtual-routes.org\/lt\/wp-json\/wp\/v2\/pages\/22924\/revisions"}],"predecessor-version":[{"id":56537,"href":"https:\/\/virtual-routes.org\/lt\/wp-json\/wp\/v2\/pages\/22924\/revisions\/56537"}],"wp:attachment":[{"href":"https:\/\/virtual-routes.org\/lt\/wp-json\/wp\/v2\/media?parent=22924"}],"curies":[{"name":"wp","href":"https:\/\/api.w.org\/{rel}","templated":true}]}}