{"id":22924,"date":"2024-11-28T13:27:51","date_gmt":"2024-11-28T13:27:51","guid":{"rendered":"https:\/\/virtual-routes.org\/?page_id=22924"},"modified":"2025-06-30T07:32:59","modified_gmt":"2025-06-30T06:32:59","slug":"cursos-de-ciberseguridad","status":"publish","type":"page","link":"https:\/\/virtual-routes.org\/es\/cursos-de-ciberseguridad\/","title":{"rendered":"Cursos de ciberseguridad"},"content":{"rendered":"<div data-elementor-type=\"wp-page\" data-elementor-id=\"22924\" class=\"elementor elementor-22924\" data-elementor-post-type=\"page\">\n\t\t\t\t<div class=\"elementor-element elementor-element-c1efb2b e-flex e-con-boxed e-con e-parent\" data-id=\"c1efb2b\" data-element_type=\"container\" data-settings=\"{&quot;background_background&quot;:&quot;classic&quot;}\">\n\t\t\t\t\t<div class=\"e-con-inner\">\n\t\t<div class=\"elementor-element elementor-element-152a237 e-con-full e-flex e-con e-child\" data-id=\"152a237\" data-element_type=\"container\">\n\t\t\t\t<div data-dce-title-color=\"#0E093A\" class=\"elementor-element elementor-element-5919a11 elementor-widget elementor-widget-heading\" data-id=\"5919a11\" data-element_type=\"widget\" data-widget_type=\"heading.default\">\n\t\t\t\t<div class=\"elementor-widget-container\">\n\t\t\t\t\t<h1 class=\"elementor-heading-title elementor-size-default\">Cursos introductorios en l\u00ednea sobre ciberseguridad<\/h1>\t\t\t\t<\/div>\n\t\t\t\t<\/div>\n\t\t\t\t<div class=\"elementor-element elementor-element-3076d25 elementor-widget elementor-widget-text-editor\" data-id=\"3076d25\" data-element_type=\"widget\" data-widget_type=\"text-editor.default\">\n\t\t\t\t<div class=\"elementor-widget-container\">\n\t\t\t\t\t\t\t\t\t<p>En el marco de la <a href=\"https:\/\/virtual-routes.org\/es\/iniciativas\/seminarios-sobre-ciberseguridad\/\">Programa de seminarios sobre ciberseguridad de Google.org<\/a>Virtual Routes ha desarrollado tres cursos introductorios en l\u00ednea a medida sobre temas b\u00e1sicos de ciberseguridad. Los cursos han sido dise\u00f1ados por Virtual Routes en colaboraci\u00f3n con acad\u00e9micos de primera l\u00ednea en su campo, cada uno de ellos con d\u00e9cadas de experiencia en la investigaci\u00f3n y la ense\u00f1anza de la ciberseguridad.<\/p>\t\t\t\t\t\t\t\t<\/div>\n\t\t\t\t<\/div>\n\t\t\t\t<div class=\"elementor-element elementor-element-2d84a92 elementor-widget elementor-widget-button\" data-id=\"2d84a92\" data-element_type=\"widget\" data-widget_type=\"button.default\">\n\t\t\t\t<div class=\"elementor-widget-container\">\n\t\t\t\t\t\t\t\t\t<div class=\"elementor-button-wrapper\">\n\t\t\t\t\t<a class=\"elementor-button elementor-button-link elementor-size-sm\" href=\"\/es\/inicio-de-sesion\/\">\n\t\t\t\t\t\t<span class=\"elementor-button-content-wrapper\">\n\t\t\t\t\t\t\t\t\t<span class=\"elementor-button-text\">Ir a los cursos<\/span>\n\t\t\t\t\t<\/span>\n\t\t\t\t\t<\/a>\n\t\t\t\t<\/div>\n\t\t\t\t\t\t\t\t<\/div>\n\t\t\t\t<\/div>\n\t\t\t\t<\/div>\n\t\t<div class=\"elementor-element elementor-element-0bce0ca e-con-full e-flex e-con e-child\" data-id=\"0bce0ca\" data-element_type=\"container\">\n\t\t\t\t<div class=\"elementor-element elementor-element-46437c8 dce_masking-none elementor-widget elementor-widget-video\" data-id=\"46437c8\" data-element_type=\"widget\" data-settings=\"{&quot;loop&quot;:&quot;yes&quot;,&quot;video_type&quot;:&quot;vimeo&quot;}\" data-widget_type=\"video.default\">\n\t\t\t\t<div class=\"elementor-widget-container\">\n\t\t\t\t\t\t\t<div class=\"elementor-wrapper elementor-open-inline\">\n\t\t\t<iframe class=\"elementor-video-iframe\" allowfullscreen allow=\"clipboard-write\" title=\"Reproductor de v\u00eddeo vimeo\" src=\"https:\/\/player.vimeo.com\/video\/1073105688?color&amp;autopause=0&amp;loop=1&amp;muted=0&amp;title=1&amp;portrait=1&amp;byline=1&amp;h=a86134bb2d#t=\"><\/iframe>\t\t<\/div>\n\t\t\t\t\t\t<\/div>\n\t\t\t\t<\/div>\n\t\t\t\t<\/div>\n\t\t\t\t<div class=\"elementor-element elementor-element-78426fd elementor-absolute hide-stairs dce_masking-none elementor-invisible elementor-widget elementor-widget-image\" data-id=\"78426fd\" data-element_type=\"widget\" data-settings=\"{&quot;_position&quot;:&quot;absolute&quot;,&quot;_animation&quot;:&quot;slideInLeft&quot;}\" data-widget_type=\"image.default\">\n\t\t\t\t<div class=\"elementor-widget-container\">\n\t\t\t\t\t\t\t\t\t\t\t\t\t\t\t<img alt=\"\" loading=\"lazy\" decoding=\"async\" width=\"800\" height=\"808\" src=\"https:\/\/virtual-routes.org\/wp-content\/uploads\/2024\/11\/Group-5.svg\" class=\"attachment-large size-large wp-image-1899\" \/>\t\t\t\t\t\t\t\t\t\t\t\t\t\t\t<\/div>\n\t\t\t\t<\/div>\n\t\t\t\t\t<\/div>\n\t\t\t\t<\/div>\n\t\t<div class=\"elementor-element elementor-element-5494a6d e-flex e-con-boxed e-con e-parent\" data-id=\"5494a6d\" data-element_type=\"container\" data-settings=\"{&quot;background_background&quot;:&quot;classic&quot;}\">\n\t\t\t\t\t<div class=\"e-con-inner\">\n\t\t<div class=\"elementor-element elementor-element-edc4245 e-con-full elementor-hidden-mobile e-flex e-con e-child\" data-id=\"edc4245\" data-element_type=\"container\" data-settings=\"{&quot;background_background&quot;:&quot;classic&quot;}\">\n\t\t\t\t<\/div>\n\t\t<div class=\"elementor-element elementor-element-18fefb4 e-con-full e-flex e-con e-child\" data-id=\"18fefb4\" data-element_type=\"container\" data-settings=\"{&quot;background_background&quot;:&quot;classic&quot;}\">\n\t\t\t\t<div class=\"elementor-element elementor-element-8d71faf elementor-widget__width-inherit elementor-widget elementor-widget-heading\" data-id=\"8d71faf\" data-element_type=\"widget\" data-widget_type=\"heading.default\">\n\t\t\t\t<div class=\"elementor-widget-container\">\n\t\t\t\t\t<h2 class=\"elementor-heading-title elementor-size-default\">\u00bfC\u00f3mo?<\/h2>\t\t\t\t<\/div>\n\t\t\t\t<\/div>\n\t\t\t\t<div class=\"elementor-element elementor-element-61405be elementor-widget elementor-widget-text-editor\" data-id=\"61405be\" data-element_type=\"widget\" data-widget_type=\"text-editor.default\">\n\t\t\t\t<div class=\"elementor-widget-container\">\n\t\t\t\t\t\t\t\t\t<p>Para avanzar en los objetivos del programa de Seminarios sobre Ciberseguridad de Google.org, cada curso presenta <strong>conceptos y principios clave, ilustrados con ejemplos claros<\/strong> y con el apoyo de una serie de ejercicios interactivos como momentos de reflexi\u00f3n, preguntas de debate y an\u00e1lisis de casos pr\u00e1cticos.<\/p>\t\t\t\t\t\t\t\t<\/div>\n\t\t\t\t<\/div>\n\t\t\t\t<div class=\"elementor-element elementor-element-083215c elementor-widget__width-inherit elementor-widget elementor-widget-heading\" data-id=\"083215c\" data-element_type=\"widget\" data-widget_type=\"heading.default\">\n\t\t\t\t<div class=\"elementor-widget-container\">\n\t\t\t\t\t<h2 class=\"elementor-heading-title elementor-size-default\">\u00bfPor qu\u00e9?<\/h2>\t\t\t\t<\/div>\n\t\t\t\t<\/div>\n\t\t\t\t<div class=\"elementor-element elementor-element-1a274ce elementor-widget elementor-widget-text-editor\" data-id=\"1a274ce\" data-element_type=\"widget\" data-widget_type=\"text-editor.default\">\n\t\t\t\t<div class=\"elementor-widget-container\">\n\t\t\t\t\t\t\t\t\t<p>Estos cursos proporcionan <strong>una base de referencia normalizada para los estudiantes<\/strong> en el programa de Seminarios de Ciberseguridad de Google.org para comenzar su andadura en el campo de la ciberseguridad. Garantizan que los estudiantes de una amplia gama de or\u00edgenes puedan entrar en el programa con conocimientos b\u00e1sicos en \u00e1reas clave, especialmente <strong>compromiso satisfactorio con las organizaciones comunitarias locales<\/strong> (LCO).<\/p>\t\t\t\t\t\t\t\t<\/div>\n\t\t\t\t<\/div>\n\t\t\t\t<div class=\"elementor-element elementor-element-4605d8b elementor-widget__width-inherit elementor-widget elementor-widget-heading\" data-id=\"4605d8b\" data-element_type=\"widget\" data-widget_type=\"heading.default\">\n\t\t\t\t<div class=\"elementor-widget-container\">\n\t\t\t\t\t<h2 class=\"elementor-heading-title elementor-size-default\">\u00bfC\u00f3mo?<\/h2>\t\t\t\t<\/div>\n\t\t\t\t<\/div>\n\t\t\t\t<div class=\"elementor-element elementor-element-1dd49b9 elementor-widget elementor-widget-text-editor\" data-id=\"1dd49b9\" data-element_type=\"widget\" data-widget_type=\"text-editor.default\">\n\t\t\t\t<div class=\"elementor-widget-container\">\n\t\t\t\t\t\t\t\t\t<p>Estos cursos s\u00f3lo est\u00e1n disponibles para los estudiantes que participan en el programa de Seminarios sobre Ciberseguridad de Google.org. Cada curso consta de <strong>Una mezcla de v\u00eddeos y ejercicios.<\/strong>, dise\u00f1ado para que los estudiantes puedan realizar el curso por su cuenta o para que las universidades lo integren en sus Seminarios de Ciberseguridad.<\/p>\t\t\t\t\t\t\t\t<\/div>\n\t\t\t\t<\/div>\n\t\t\t\t<\/div>\n\t\t\t\t<div class=\"elementor-element elementor-element-ca67c5b elementor-absolute e-transform hide-stairs dce_masking-none elementor-widget elementor-widget-image\" data-id=\"ca67c5b\" data-element_type=\"widget\" data-settings=\"{&quot;_position&quot;:&quot;absolute&quot;,&quot;_transform_rotateZ_effect&quot;:{&quot;unit&quot;:&quot;px&quot;,&quot;size&quot;:90,&quot;sizes&quot;:[]},&quot;_transform_rotateZ_effect_tablet&quot;:{&quot;unit&quot;:&quot;deg&quot;,&quot;size&quot;:&quot;&quot;,&quot;sizes&quot;:[]},&quot;_transform_rotateZ_effect_mobile&quot;:{&quot;unit&quot;:&quot;deg&quot;,&quot;size&quot;:&quot;&quot;,&quot;sizes&quot;:[]}}\" data-widget_type=\"image.default\">\n\t\t\t\t<div class=\"elementor-widget-container\">\n\t\t\t\t\t\t\t\t\t\t\t\t\t\t\t<img alt=\"\" loading=\"lazy\" decoding=\"async\" width=\"800\" height=\"808\" src=\"https:\/\/virtual-routes.org\/wp-content\/uploads\/2024\/11\/white-stair.svg\" class=\"attachment-large size-large wp-image-10938\" \/>\t\t\t\t\t\t\t\t\t\t\t\t\t\t\t<\/div>\n\t\t\t\t<\/div>\n\t\t\t\t\t<\/div>\n\t\t\t\t<\/div>\n\t\t<div class=\"elementor-element elementor-element-b2d0089 e-flex e-con-boxed e-con e-parent\" data-id=\"b2d0089\" data-element_type=\"container\" data-settings=\"{&quot;background_background&quot;:&quot;classic&quot;}\">\n\t\t\t\t\t<div class=\"e-con-inner\">\n\t\t\t\t<div class=\"elementor-element elementor-element-7502cdc elementor-widget__width-inherit elementor-widget elementor-widget-heading\" data-id=\"7502cdc\" data-element_type=\"widget\" data-widget_type=\"heading.default\">\n\t\t\t\t<div class=\"elementor-widget-container\">\n\t\t\t\t\t<h2 class=\"elementor-heading-title elementor-size-default\">CURSOS<\/h2>\t\t\t\t<\/div>\n\t\t\t\t<\/div>\n\t\t<div class=\"elementor-element elementor-element-0c50439 e-con-full e-flex e-con e-child\" data-id=\"0c50439\" data-element_type=\"container\" data-settings=\"{&quot;background_background&quot;:&quot;classic&quot;}\">\n\t\t\t\t<div data-dce-title-color=\"#0E093A\" class=\"elementor-element elementor-element-be2d47f elementor-widget__width-inherit elementor-widget elementor-widget-heading\" data-id=\"be2d47f\" data-element_type=\"widget\" data-widget_type=\"heading.default\">\n\t\t\t\t<div class=\"elementor-widget-container\">\n\t\t\t\t\t<h2 class=\"elementor-heading-title elementor-size-default\">Introducci\u00f3n a la ciberseguridad<\/h2>\t\t\t\t<\/div>\n\t\t\t\t<\/div>\n\t\t<div class=\"elementor-element elementor-element-717d90c e-con-full e-flex e-con e-child\" data-id=\"717d90c\" data-element_type=\"container\">\n\t\t\t\t<div class=\"elementor-element elementor-element-0dc48d1 elementor-widget elementor-widget-heading\" data-id=\"0dc48d1\" data-element_type=\"widget\" data-widget_type=\"heading.default\">\n\t\t\t\t<div class=\"elementor-widget-container\">\n\t\t\t\t\t<h2 class=\"elementor-heading-title elementor-size-default\">Dr. Jason Nurse, Profesor de Ciberseguridad, Universidad de Kent<\/h2>\t\t\t\t<\/div>\n\t\t\t\t<\/div>\n\t\t\t\t<\/div>\n\t\t\t\t<div class=\"elementor-element elementor-element-9ec19c4 elementor-widget elementor-widget-text-editor\" data-id=\"9ec19c4\" data-element_type=\"widget\" data-widget_type=\"text-editor.default\">\n\t\t\t\t<div class=\"elementor-widget-container\">\n\t\t\t\t\t\t\t\t\t<p>En este curso, el Dr. Jason Nurse ofrece una introducci\u00f3n al origen y significado de la ciberseguridad y los conceptos asociados, demostrando c\u00f3mo incorpora m\u00faltiples disciplinas y \u00e1reas de investigaci\u00f3n. A continuaci\u00f3n, el Dr. Nurse aborda los aspectos humanos de la ciberseguridad, incluido el contexto del usuario, as\u00ed como los aspectos humanos de la din\u00e1mica atacante-defensor. El Dr. Nurse se centra despu\u00e9s en los controles comunes de ciberseguridad, mostrando c\u00f3mo pueden ayudar a elevar r\u00e1pidamente los niveles de ciberseguridad en las LCO, pero con algunas limitaciones significativas. Por \u00faltimo, el Dr. Nurse explora el tema emergente de los da\u00f1os cibern\u00e9ticos y la gesti\u00f3n de riesgos.<\/p>\t\t\t\t\t\t\t\t<\/div>\n\t\t\t\t<\/div>\n\t\t\t\t<\/div>\n\t\t<div class=\"elementor-element elementor-element-1b82723 e-con-full e-flex e-con e-child\" data-id=\"1b82723\" data-element_type=\"container\" data-settings=\"{&quot;background_background&quot;:&quot;classic&quot;}\">\n\t\t\t\t<div data-dce-title-color=\"#0E093A\" class=\"elementor-element elementor-element-3e6694b elementor-widget__width-inherit elementor-widget elementor-widget-heading\" data-id=\"3e6694b\" data-element_type=\"widget\" data-widget_type=\"heading.default\">\n\t\t\t\t<div class=\"elementor-widget-container\">\n\t\t\t\t\t<h2 class=\"elementor-heading-title elementor-size-default\">Introducci\u00f3n a la seguridad de los sistemas<\/h2>\t\t\t\t<\/div>\n\t\t\t\t<\/div>\n\t\t<div class=\"elementor-element elementor-element-33a8a7a e-con-full e-flex e-con e-child\" data-id=\"33a8a7a\" data-element_type=\"container\">\n\t\t\t\t<div class=\"elementor-element elementor-element-7948158 elementor-widget elementor-widget-heading\" data-id=\"7948158\" data-element_type=\"widget\" data-widget_type=\"heading.default\">\n\t\t\t\t<div class=\"elementor-widget-container\">\n\t\t\t\t\t<h2 class=\"elementor-heading-title elementor-size-default\">Profesor Andrew Martin, Catedr\u00e1tico de Seguridad de Sistemas, Universidad de Oxford<\/h2>\t\t\t\t<\/div>\n\t\t\t\t<\/div>\n\t\t\t\t<\/div>\n\t\t\t\t<div class=\"elementor-element elementor-element-99767d0 elementor-widget elementor-widget-text-editor\" data-id=\"99767d0\" data-element_type=\"widget\" data-widget_type=\"text-editor.default\">\n\t\t\t\t<div class=\"elementor-widget-container\">\n\t\t\t\t\t\t\t\t\t<p>En este curso, el profesor Andrew Martin ofrece una introducci\u00f3n a la ciberseguridad de los sistemas digitales. En primer lugar, el profesor Martin esboza los conceptos b\u00e1sicos del dise\u00f1o y la implementaci\u00f3n de sistemas, as\u00ed como las principales amenazas para los sistemas digitales. A continuaci\u00f3n, el profesor Martin aborda \u00e1reas del dise\u00f1o de sistemas con una amplia repercusi\u00f3n en la ciberseguridad, como el cifrado y la autenticaci\u00f3n. Estos casos muestran c\u00f3mo la abstracci\u00f3n ayuda a usuarios y dise\u00f1adores a superar la inmensa complejidad de los sistemas digitales, pero a su vez introduce suposiciones y expectativas que crean vulnerabilidades de seguridad y conducen a fallos del sistema.<\/p>\t\t\t\t\t\t\t\t<\/div>\n\t\t\t\t<\/div>\n\t\t\t\t<\/div>\n\t\t<div class=\"elementor-element elementor-element-1f707b0 e-con-full e-flex e-con e-child\" data-id=\"1f707b0\" data-element_type=\"container\" data-settings=\"{&quot;background_background&quot;:&quot;classic&quot;}\">\n\t\t\t\t<div data-dce-title-color=\"#0E093A\" class=\"elementor-element elementor-element-d85ade6 elementor-widget__width-inherit elementor-widget elementor-widget-heading\" data-id=\"d85ade6\" data-element_type=\"widget\" data-widget_type=\"heading.default\">\n\t\t\t\t<div class=\"elementor-widget-container\">\n\t\t\t\t\t<h2 class=\"elementor-heading-title elementor-size-default\">Ciberseguridad en la sociedad<\/h2>\t\t\t\t<\/div>\n\t\t\t\t<\/div>\n\t\t<div class=\"elementor-element elementor-element-56168a3 e-con-full e-flex e-con e-child\" data-id=\"56168a3\" data-element_type=\"container\">\n\t\t\t\t<div class=\"elementor-element elementor-element-f33ed2e elementor-widget elementor-widget-heading\" data-id=\"f33ed2e\" data-element_type=\"widget\" data-widget_type=\"heading.default\">\n\t\t\t\t<div class=\"elementor-widget-container\">\n\t\t\t\t\t<h2 class=\"elementor-heading-title elementor-size-default\">Lizzie Coles-Kemp, Investigadora Principal, Instituto de Investigaci\u00f3n sobre Ciberseguridad Sociot\u00e9cnica (RISCS)<\/h2>\t\t\t\t<\/div>\n\t\t\t\t<\/div>\n\t\t\t\t<\/div>\n\t\t\t\t<div class=\"elementor-element elementor-element-82b0ff2 elementor-widget elementor-widget-text-editor\" data-id=\"82b0ff2\" data-element_type=\"widget\" data-widget_type=\"text-editor.default\">\n\t\t\t\t<div class=\"elementor-widget-container\">\n\t\t\t\t\t\t\t\t\t<p>En este curso, la profesora Lizzie Coles-Kemp examina el lugar de la ciberseguridad en la sociedad. La profesora Coles-Kemp detalla en primer lugar el impacto social de los problemas de ciberseguridad e introduce el concepto de ciberseguridad centrada en las personas, bas\u00e1ndose en las teor\u00edas de la seguridad utilizable y el dise\u00f1o centrado en el usuario. A continuaci\u00f3n, la profesora Coles-Kemp esboza un enfoque de la participaci\u00f3n de la comunidad local que desaf\u00eda las ortodoxias de la seguridad y reconoce las realidades del trabajo con grupos diversos, marginados y minoritarios. El curso termina con un estudio de caso sobre los aspectos de ciberseguridad del acceso asistido informal a las tecnolog\u00edas digitales.<\/p>\t\t\t\t\t\t\t\t<\/div>\n\t\t\t\t<\/div>\n\t\t\t\t<\/div>\n\t\t\t\t\t<\/div>\n\t\t\t\t<\/div>\n\t\t<div class=\"elementor-element elementor-element-b5a49a0 e-flex e-con-boxed e-con e-parent\" data-id=\"b5a49a0\" data-element_type=\"container\">\n\t\t\t\t\t<div class=\"e-con-inner\">\n\t\t\t\t<div class=\"elementor-element elementor-element-9e4315f elementor-align-center elementor-widget__width-inherit elementor-widget elementor-widget-button\" data-id=\"9e4315f\" data-element_type=\"widget\" data-widget_type=\"button.default\">\n\t\t\t\t<div class=\"elementor-widget-container\">\n\t\t\t\t\t\t\t\t\t<div class=\"elementor-button-wrapper\">\n\t\t\t\t\t<a class=\"elementor-button elementor-button-link elementor-size-sm\" href=\"\/es\/inicio-de-sesion\/\">\n\t\t\t\t\t\t<span class=\"elementor-button-content-wrapper\">\n\t\t\t\t\t\t\t\t\t<span class=\"elementor-button-text\">Ir a los cursos<\/span>\n\t\t\t\t\t<\/span>\n\t\t\t\t\t<\/a>\n\t\t\t\t<\/div>\n\t\t\t\t\t\t\t\t<\/div>\n\t\t\t\t<\/div>\n\t\t\t\t\t<\/div>\n\t\t\t\t<\/div>\n\t\t\t\t<\/div>","protected":false},"excerpt":{"rendered":"<p>Cursos introductorios en l\u00ednea sobre ciberseguridad Como parte del programa de Seminarios sobre Ciberseguridad de Google.org, Virtual Routes ha desarrollado tres cursos introductorios en l\u00ednea a medida sobre temas b\u00e1sicos de ciberseguridad. Los cursos han sido dise\u00f1ados por Virtual Routes en colaboraci\u00f3n con acad\u00e9micos de primera l\u00ednea en su campo, cada uno de ellos con d\u00e9cadas de experiencia en la investigaci\u00f3n y la ense\u00f1anza de la ciberseguridad. Ir a [...]<\/p>","protected":false},"author":1,"featured_media":0,"parent":0,"menu_order":0,"comment_status":"closed","ping_status":"closed","template":"","meta":{"_acf_changed":false,"_seopress_robots_primary_cat":"","_seopress_titles_title":"","_seopress_titles_desc":"","_seopress_robots_index":"","inline_featured_image":false,"footnotes":""},"class_list":["post-22924","page","type-page","status-publish","hentry"],"acf":[],"_links":{"self":[{"href":"https:\/\/virtual-routes.org\/es\/wp-json\/wp\/v2\/pages\/22924","targetHints":{"allow":["GET"]}}],"collection":[{"href":"https:\/\/virtual-routes.org\/es\/wp-json\/wp\/v2\/pages"}],"about":[{"href":"https:\/\/virtual-routes.org\/es\/wp-json\/wp\/v2\/types\/page"}],"author":[{"embeddable":true,"href":"https:\/\/virtual-routes.org\/es\/wp-json\/wp\/v2\/users\/1"}],"replies":[{"embeddable":true,"href":"https:\/\/virtual-routes.org\/es\/wp-json\/wp\/v2\/comments?post=22924"}],"version-history":[{"count":20,"href":"https:\/\/virtual-routes.org\/es\/wp-json\/wp\/v2\/pages\/22924\/revisions"}],"predecessor-version":[{"id":56537,"href":"https:\/\/virtual-routes.org\/es\/wp-json\/wp\/v2\/pages\/22924\/revisions\/56537"}],"wp:attachment":[{"href":"https:\/\/virtual-routes.org\/es\/wp-json\/wp\/v2\/media?parent=22924"}],"curies":[{"name":"wp","href":"https:\/\/api.w.org\/{rel}","templated":true}]}}