{"id":22924,"date":"2024-11-28T13:27:51","date_gmt":"2024-11-28T13:27:51","guid":{"rendered":"https:\/\/virtual-routes.org\/?page_id=22924"},"modified":"2025-06-30T07:32:59","modified_gmt":"2025-06-30T06:32:59","slug":"kurzy-kyberneticke-bezpecnosti","status":"publish","type":"page","link":"https:\/\/virtual-routes.org\/cs\/kurzy-kyberneticke-bezpecnosti\/","title":{"rendered":"Kurzy kybernetick\u00e9 bezpe\u010dnosti"},"content":{"rendered":"<div data-elementor-type=\"wp-page\" data-elementor-id=\"22924\" class=\"elementor elementor-22924\" data-elementor-post-type=\"page\">\n\t\t\t\t<div class=\"elementor-element elementor-element-c1efb2b e-flex e-con-boxed e-con e-parent\" data-id=\"c1efb2b\" data-element_type=\"container\" data-settings=\"{&quot;background_background&quot;:&quot;classic&quot;}\">\n\t\t\t\t\t<div class=\"e-con-inner\">\n\t\t<div class=\"elementor-element elementor-element-152a237 e-con-full e-flex e-con e-child\" data-id=\"152a237\" data-element_type=\"container\">\n\t\t\t\t<div data-dce-title-color=\"#0E093A\" class=\"elementor-element elementor-element-5919a11 elementor-widget elementor-widget-heading\" data-id=\"5919a11\" data-element_type=\"widget\" data-widget_type=\"heading.default\">\n\t\t\t\t<div class=\"elementor-widget-container\">\n\t\t\t\t\t<h1 class=\"elementor-heading-title elementor-size-default\">\u00davodn\u00ed online kurzy o kybernetick\u00e9 bezpe\u010dnosti<\/h1>\t\t\t\t<\/div>\n\t\t\t\t<\/div>\n\t\t\t\t<div class=\"elementor-element elementor-element-3076d25 elementor-widget elementor-widget-text-editor\" data-id=\"3076d25\" data-element_type=\"widget\" data-widget_type=\"text-editor.default\">\n\t\t\t\t<div class=\"elementor-widget-container\">\n\t\t\t\t\t\t\t\t\t<p>V r\u00e1mci <a href=\"https:\/\/virtual-routes.org\/cs\/iniciativy\/seminare-o-kyberneticke-bezpecnosti\/\">Program semin\u00e1\u0159\u016f kybernetick\u00e9 bezpe\u010dnosti Google.org<\/a>, spole\u010dnost Virtual Routes vytvo\u0159ila t\u0159i \u00favodn\u00ed online kurzy na m\u00edru zam\u011b\u0159en\u00e9 na z\u00e1kladn\u00ed t\u00e9mata kybernetick\u00e9 bezpe\u010dnosti. Kurzy navrhla spole\u010dnost Virtual Routes ve spolupr\u00e1ci s akademick\u00fdmi pracovn\u00edky, kte\u0159\u00ed pat\u0159\u00ed ke \u0161pi\u010dce ve sv\u00e9m oboru a kte\u0159\u00ed maj\u00ed des\u00edtky let zku\u0161enost\u00ed s v\u00fdzkumem a v\u00fdukou kybernetick\u00e9 bezpe\u010dnosti.<\/p>\t\t\t\t\t\t\t\t<\/div>\n\t\t\t\t<\/div>\n\t\t\t\t<div class=\"elementor-element elementor-element-2d84a92 elementor-widget elementor-widget-button\" data-id=\"2d84a92\" data-element_type=\"widget\" data-widget_type=\"button.default\">\n\t\t\t\t<div class=\"elementor-widget-container\">\n\t\t\t\t\t\t\t\t\t<div class=\"elementor-button-wrapper\">\n\t\t\t\t\t<a class=\"elementor-button elementor-button-link elementor-size-sm\" href=\"\/cs\/prihlaseni\/\">\n\t\t\t\t\t\t<span class=\"elementor-button-content-wrapper\">\n\t\t\t\t\t\t\t\t\t<span class=\"elementor-button-text\">P\u0159ej\u00edt na kurzy<\/span>\n\t\t\t\t\t<\/span>\n\t\t\t\t\t<\/a>\n\t\t\t\t<\/div>\n\t\t\t\t\t\t\t\t<\/div>\n\t\t\t\t<\/div>\n\t\t\t\t<\/div>\n\t\t<div class=\"elementor-element elementor-element-0bce0ca e-con-full e-flex e-con e-child\" data-id=\"0bce0ca\" data-element_type=\"container\">\n\t\t\t\t<div class=\"elementor-element elementor-element-46437c8 dce_masking-none elementor-widget elementor-widget-video\" data-id=\"46437c8\" data-element_type=\"widget\" data-settings=\"{&quot;loop&quot;:&quot;yes&quot;,&quot;video_type&quot;:&quot;vimeo&quot;}\" data-widget_type=\"video.default\">\n\t\t\t\t<div class=\"elementor-widget-container\">\n\t\t\t\t\t\t\t<div class=\"elementor-wrapper elementor-open-inline\">\n\t\t\t<iframe class=\"elementor-video-iframe\" allowfullscreen allow=\"clipboard-write\" title=\"vimeo p\u0159ehr\u00e1va\u010d videa\" src=\"https:\/\/player.vimeo.com\/video\/1073105688?color&amp;autopause=0&amp;loop=1&amp;muted=0&amp;title=1&amp;portrait=1&amp;byline=1&amp;h=a86134bb2d#t=\"><\/iframe>\t\t<\/div>\n\t\t\t\t\t\t<\/div>\n\t\t\t\t<\/div>\n\t\t\t\t<\/div>\n\t\t\t\t<div class=\"elementor-element elementor-element-78426fd elementor-absolute hide-stairs dce_masking-none elementor-invisible elementor-widget elementor-widget-image\" data-id=\"78426fd\" data-element_type=\"widget\" data-settings=\"{&quot;_position&quot;:&quot;absolute&quot;,&quot;_animation&quot;:&quot;slideInLeft&quot;}\" data-widget_type=\"image.default\">\n\t\t\t\t<div class=\"elementor-widget-container\">\n\t\t\t\t\t\t\t\t\t\t\t\t\t\t\t<img alt=\"\" loading=\"lazy\" decoding=\"async\" width=\"800\" height=\"808\" src=\"https:\/\/virtual-routes.org\/wp-content\/uploads\/2024\/11\/Group-5.svg\" class=\"attachment-large size-large wp-image-1899\" \/>\t\t\t\t\t\t\t\t\t\t\t\t\t\t\t<\/div>\n\t\t\t\t<\/div>\n\t\t\t\t\t<\/div>\n\t\t\t\t<\/div>\n\t\t<div class=\"elementor-element elementor-element-5494a6d e-flex e-con-boxed e-con e-parent\" data-id=\"5494a6d\" data-element_type=\"container\" data-settings=\"{&quot;background_background&quot;:&quot;classic&quot;}\">\n\t\t\t\t\t<div class=\"e-con-inner\">\n\t\t<div class=\"elementor-element elementor-element-edc4245 e-con-full elementor-hidden-mobile e-flex e-con e-child\" data-id=\"edc4245\" data-element_type=\"container\" data-settings=\"{&quot;background_background&quot;:&quot;classic&quot;}\">\n\t\t\t\t<\/div>\n\t\t<div class=\"elementor-element elementor-element-18fefb4 e-con-full e-flex e-con e-child\" data-id=\"18fefb4\" data-element_type=\"container\" data-settings=\"{&quot;background_background&quot;:&quot;classic&quot;}\">\n\t\t\t\t<div class=\"elementor-element elementor-element-8d71faf elementor-widget__width-inherit elementor-widget elementor-widget-heading\" data-id=\"8d71faf\" data-element_type=\"widget\" data-widget_type=\"heading.default\">\n\t\t\t\t<div class=\"elementor-widget-container\">\n\t\t\t\t\t<h2 class=\"elementor-heading-title elementor-size-default\">Co\u017ee?<\/h2>\t\t\t\t<\/div>\n\t\t\t\t<\/div>\n\t\t\t\t<div class=\"elementor-element elementor-element-61405be elementor-widget elementor-widget-text-editor\" data-id=\"61405be\" data-element_type=\"widget\" data-widget_type=\"text-editor.default\">\n\t\t\t\t<div class=\"elementor-widget-container\">\n\t\t\t\t\t\t\t\t\t<p>Aby se dos\u00e1hlo c\u00edl\u016f programu Google.org Cybersecurity Seminars, ka\u017ed\u00fd kurz p\u0159edstavuje. <strong>kl\u00ed\u010dov\u00e9 pojmy a z\u00e1sady, ilustrovan\u00e9 na jasn\u00fdch p\u0159\u00edkladech.<\/strong> a podpo\u0159ena \u0159adou interaktivn\u00edch cvi\u010den\u00ed, jako jsou momenty k zamy\u0161len\u00ed, ot\u00e1zky k diskusi a anal\u00fdza p\u0159\u00edpadov\u00fdch studi\u00ed.<\/p>\t\t\t\t\t\t\t\t<\/div>\n\t\t\t\t<\/div>\n\t\t\t\t<div class=\"elementor-element elementor-element-083215c elementor-widget__width-inherit elementor-widget elementor-widget-heading\" data-id=\"083215c\" data-element_type=\"widget\" data-widget_type=\"heading.default\">\n\t\t\t\t<div class=\"elementor-widget-container\">\n\t\t\t\t\t<h2 class=\"elementor-heading-title elementor-size-default\">Pro\u010d?<\/h2>\t\t\t\t<\/div>\n\t\t\t\t<\/div>\n\t\t\t\t<div class=\"elementor-element elementor-element-1a274ce elementor-widget elementor-widget-text-editor\" data-id=\"1a274ce\" data-element_type=\"widget\" data-widget_type=\"text-editor.default\">\n\t\t\t\t<div class=\"elementor-widget-container\">\n\t\t\t\t\t\t\t\t\t<p>Tyto kurzy poskytuj\u00ed <strong>standardizovan\u00e1 z\u00e1kladn\u00ed \u00farove\u0148 pro studenty<\/strong> v r\u00e1mci programu Google.org Cybersecurity Seminars a za\u010d\u00edt tak svou cestu kybernetickou bezpe\u010dnost\u00ed. Zaji\u0161\u0165uj\u00ed, \u017ee studenti z nejr\u016fzn\u011bj\u0161\u00edch obor\u016f mohou do programu vstoupit se z\u00e1kladn\u00edmi znalostmi v kl\u00ed\u010dov\u00fdch oblastech, zejm\u00e9na v oblasti <strong>\u00fasp\u011b\u0161n\u00e9 zapojen\u00ed m\u00edstn\u00edch komunitn\u00edch organizac\u00ed<\/strong> (LCO).<\/p>\t\t\t\t\t\t\t\t<\/div>\n\t\t\t\t<\/div>\n\t\t\t\t<div class=\"elementor-element elementor-element-4605d8b elementor-widget__width-inherit elementor-widget elementor-widget-heading\" data-id=\"4605d8b\" data-element_type=\"widget\" data-widget_type=\"heading.default\">\n\t\t\t\t<div class=\"elementor-widget-container\">\n\t\t\t\t\t<h2 class=\"elementor-heading-title elementor-size-default\">Jak?<\/h2>\t\t\t\t<\/div>\n\t\t\t\t<\/div>\n\t\t\t\t<div class=\"elementor-element elementor-element-1dd49b9 elementor-widget elementor-widget-text-editor\" data-id=\"1dd49b9\" data-element_type=\"widget\" data-widget_type=\"text-editor.default\">\n\t\t\t\t<div class=\"elementor-widget-container\">\n\t\t\t\t\t\t\t\t\t<p>Tyto kurzy jsou dostupn\u00e9 pouze pro studenty, kte\u0159\u00ed se \u00fa\u010dastn\u00ed programu Google.org Cybersecurity Seminars. Ka\u017ed\u00fd kurz se skl\u00e1d\u00e1 z <strong>vybran\u00e1 sm\u011bs videoobsahu a podn\u011bt\u016f ke cvi\u010den\u00ed.<\/strong>, kter\u00fd je navr\u017een tak, aby jej studenti mohli absolvovat bu\u010f samostatn\u011b, nebo aby jej univerzity mohly za\u010dlenit do sv\u00fdch semin\u00e1\u0159\u016f kybernetick\u00e9 bezpe\u010dnosti.<\/p>\t\t\t\t\t\t\t\t<\/div>\n\t\t\t\t<\/div>\n\t\t\t\t<\/div>\n\t\t\t\t<div class=\"elementor-element elementor-element-ca67c5b elementor-absolute e-transform hide-stairs dce_masking-none elementor-widget elementor-widget-image\" data-id=\"ca67c5b\" data-element_type=\"widget\" data-settings=\"{&quot;_position&quot;:&quot;absolute&quot;,&quot;_transform_rotateZ_effect&quot;:{&quot;unit&quot;:&quot;px&quot;,&quot;size&quot;:90,&quot;sizes&quot;:[]},&quot;_transform_rotateZ_effect_tablet&quot;:{&quot;unit&quot;:&quot;deg&quot;,&quot;size&quot;:&quot;&quot;,&quot;sizes&quot;:[]},&quot;_transform_rotateZ_effect_mobile&quot;:{&quot;unit&quot;:&quot;deg&quot;,&quot;size&quot;:&quot;&quot;,&quot;sizes&quot;:[]}}\" data-widget_type=\"image.default\">\n\t\t\t\t<div class=\"elementor-widget-container\">\n\t\t\t\t\t\t\t\t\t\t\t\t\t\t\t<img alt=\"\" loading=\"lazy\" decoding=\"async\" width=\"800\" height=\"808\" src=\"https:\/\/virtual-routes.org\/wp-content\/uploads\/2024\/11\/white-stair.svg\" class=\"attachment-large size-large wp-image-10938\" \/>\t\t\t\t\t\t\t\t\t\t\t\t\t\t\t<\/div>\n\t\t\t\t<\/div>\n\t\t\t\t\t<\/div>\n\t\t\t\t<\/div>\n\t\t<div class=\"elementor-element elementor-element-b2d0089 e-flex e-con-boxed e-con e-parent\" data-id=\"b2d0089\" data-element_type=\"container\" data-settings=\"{&quot;background_background&quot;:&quot;classic&quot;}\">\n\t\t\t\t\t<div class=\"e-con-inner\">\n\t\t\t\t<div class=\"elementor-element elementor-element-7502cdc elementor-widget__width-inherit elementor-widget elementor-widget-heading\" data-id=\"7502cdc\" data-element_type=\"widget\" data-widget_type=\"heading.default\">\n\t\t\t\t<div class=\"elementor-widget-container\">\n\t\t\t\t\t<h2 class=\"elementor-heading-title elementor-size-default\">KURZY<\/h2>\t\t\t\t<\/div>\n\t\t\t\t<\/div>\n\t\t<div class=\"elementor-element elementor-element-0c50439 e-con-full e-flex e-con e-child\" data-id=\"0c50439\" data-element_type=\"container\" data-settings=\"{&quot;background_background&quot;:&quot;classic&quot;}\">\n\t\t\t\t<div data-dce-title-color=\"#0E093A\" class=\"elementor-element elementor-element-be2d47f elementor-widget__width-inherit elementor-widget elementor-widget-heading\" data-id=\"be2d47f\" data-element_type=\"widget\" data-widget_type=\"heading.default\">\n\t\t\t\t<div class=\"elementor-widget-container\">\n\t\t\t\t\t<h2 class=\"elementor-heading-title elementor-size-default\">\u00davod do kybernetick\u00e9 bezpe\u010dnosti<\/h2>\t\t\t\t<\/div>\n\t\t\t\t<\/div>\n\t\t<div class=\"elementor-element elementor-element-717d90c e-con-full e-flex e-con e-child\" data-id=\"717d90c\" data-element_type=\"container\">\n\t\t\t\t<div class=\"elementor-element elementor-element-0dc48d1 elementor-widget elementor-widget-heading\" data-id=\"0dc48d1\" data-element_type=\"widget\" data-widget_type=\"heading.default\">\n\t\t\t\t<div class=\"elementor-widget-container\">\n\t\t\t\t\t<h2 class=\"elementor-heading-title elementor-size-default\">Dr. Jason Nurse, lektor kybernetick\u00e9 bezpe\u010dnosti, University of Kent<\/h2>\t\t\t\t<\/div>\n\t\t\t\t<\/div>\n\t\t\t\t<\/div>\n\t\t\t\t<div class=\"elementor-element elementor-element-9ec19c4 elementor-widget elementor-widget-text-editor\" data-id=\"9ec19c4\" data-element_type=\"widget\" data-widget_type=\"text-editor.default\">\n\t\t\t\t<div class=\"elementor-widget-container\">\n\t\t\t\t\t\t\t\t\t<p>V tomto kurzu Dr. Jason Nurse seznamuje s p\u016fvodem a v\u00fdznamem kybernetick\u00e9 bezpe\u010dnosti a souvisej\u00edc\u00edch pojm\u016f a ukazuje, \u017ee zahrnuje v\u00edce obor\u016f a oblast\u00ed v\u00fdzkumu. Dr. Nurse se pot\u00e9 zab\u00fdv\u00e1 lidsk\u00fdmi aspekty kybernetick\u00e9 bezpe\u010dnosti, v\u010detn\u011b kontextu u\u017eivatel\u016f a tak\u00e9 lidsk\u00fdmi aspekty dynamiky \u00fato\u010dn\u00edk-obr\u00e1nce. Dr. Nurse se pot\u00e9 zam\u011b\u0159uje na b\u011b\u017en\u00e9 kontroln\u00ed mechanismy kybernetick\u00e9 bezpe\u010dnosti a ukazuje, jak mohou pomoci rychle zv\u00fd\u0161it \u00farove\u0148 kybernetick\u00e9 bezpe\u010dnosti v LCO, av\u0161ak s n\u011bkter\u00fdmi v\u00fdznamn\u00fdmi omezen\u00edmi. Nakonec se Dr. Nurse v\u011bnuje nov\u00e9mu t\u00e9matu kybernetick\u00fdch \u0161kod a \u0159\u00edzen\u00ed rizik.<\/p>\t\t\t\t\t\t\t\t<\/div>\n\t\t\t\t<\/div>\n\t\t\t\t<\/div>\n\t\t<div class=\"elementor-element elementor-element-1b82723 e-con-full e-flex e-con e-child\" data-id=\"1b82723\" data-element_type=\"container\" data-settings=\"{&quot;background_background&quot;:&quot;classic&quot;}\">\n\t\t\t\t<div data-dce-title-color=\"#0E093A\" class=\"elementor-element elementor-element-3e6694b elementor-widget__width-inherit elementor-widget elementor-widget-heading\" data-id=\"3e6694b\" data-element_type=\"widget\" data-widget_type=\"heading.default\">\n\t\t\t\t<div class=\"elementor-widget-container\">\n\t\t\t\t\t<h2 class=\"elementor-heading-title elementor-size-default\">\u00davod do zabezpe\u010den\u00ed syst\u00e9m\u016f<\/h2>\t\t\t\t<\/div>\n\t\t\t\t<\/div>\n\t\t<div class=\"elementor-element elementor-element-33a8a7a e-con-full e-flex e-con e-child\" data-id=\"33a8a7a\" data-element_type=\"container\">\n\t\t\t\t<div class=\"elementor-element elementor-element-7948158 elementor-widget elementor-widget-heading\" data-id=\"7948158\" data-element_type=\"widget\" data-widget_type=\"heading.default\">\n\t\t\t\t<div class=\"elementor-widget-container\">\n\t\t\t\t\t<h2 class=\"elementor-heading-title elementor-size-default\">Profesor Andrew Martin, profesor syst\u00e9mov\u00e9 bezpe\u010dnosti, Oxfordsk\u00e1 univerzita<\/h2>\t\t\t\t<\/div>\n\t\t\t\t<\/div>\n\t\t\t\t<\/div>\n\t\t\t\t<div class=\"elementor-element elementor-element-99767d0 elementor-widget elementor-widget-text-editor\" data-id=\"99767d0\" data-element_type=\"widget\" data-widget_type=\"text-editor.default\">\n\t\t\t\t<div class=\"elementor-widget-container\">\n\t\t\t\t\t\t\t\t\t<p>V tomto kurzu profesor Andrew Martin seznamuje s kybernetickou bezpe\u010dnost\u00ed digit\u00e1ln\u00edch syst\u00e9m\u016f. Profesor Martin nejprve nast\u00edn\u00ed z\u00e1kladn\u00ed koncepty n\u00e1vrhu a implementace syst\u00e9m\u016f a tak\u00e9 kl\u00ed\u010dov\u00e9 hrozby pro digit\u00e1ln\u00ed syst\u00e9my. Pot\u00e9 se profesor Martin v\u011bnuje oblastem n\u00e1vrhu syst\u00e9m\u016f s rozs\u00e1hl\u00fdm dopadem na celou kybernetickou bezpe\u010dnost, jako je \u0161ifrov\u00e1n\u00ed a autentizace. Tyto p\u0159\u00edpady ukazuj\u00ed, jak abstrakce pom\u00e1h\u00e1 u\u017eivatel\u016fm a n\u00e1vrh\u00e1\u0159\u016fm p\u0159ekonat nesm\u00edrnou slo\u017eitost digit\u00e1ln\u00edch syst\u00e9m\u016f, ale na druh\u00e9 stran\u011b zav\u00e1d\u00ed p\u0159edpoklady a o\u010dek\u00e1v\u00e1n\u00ed, kter\u00e9 vytv\u00e1\u0159ej\u00ed bezpe\u010dnostn\u00ed zranitelnosti a vedou k selh\u00e1n\u00ed syst\u00e9mu.<\/p>\t\t\t\t\t\t\t\t<\/div>\n\t\t\t\t<\/div>\n\t\t\t\t<\/div>\n\t\t<div class=\"elementor-element elementor-element-1f707b0 e-con-full e-flex e-con e-child\" data-id=\"1f707b0\" data-element_type=\"container\" data-settings=\"{&quot;background_background&quot;:&quot;classic&quot;}\">\n\t\t\t\t<div data-dce-title-color=\"#0E093A\" class=\"elementor-element elementor-element-d85ade6 elementor-widget__width-inherit elementor-widget elementor-widget-heading\" data-id=\"d85ade6\" data-element_type=\"widget\" data-widget_type=\"heading.default\">\n\t\t\t\t<div class=\"elementor-widget-container\">\n\t\t\t\t\t<h2 class=\"elementor-heading-title elementor-size-default\">Kybernetick\u00e1 bezpe\u010dnost ve spole\u010dnosti<\/h2>\t\t\t\t<\/div>\n\t\t\t\t<\/div>\n\t\t<div class=\"elementor-element elementor-element-56168a3 e-con-full e-flex e-con e-child\" data-id=\"56168a3\" data-element_type=\"container\">\n\t\t\t\t<div class=\"elementor-element elementor-element-f33ed2e elementor-widget elementor-widget-heading\" data-id=\"f33ed2e\" data-element_type=\"widget\" data-widget_type=\"heading.default\">\n\t\t\t\t<div class=\"elementor-widget-container\">\n\t\t\t\t\t<h2 class=\"elementor-heading-title elementor-size-default\">Lizzie Coles-Kemp, vedouc\u00ed pracovnice, V\u00fdzkumn\u00fd \u00fastav pro sociotechnickou kybernetickou bezpe\u010dnost (RISCS)<\/h2>\t\t\t\t<\/div>\n\t\t\t\t<\/div>\n\t\t\t\t<\/div>\n\t\t\t\t<div class=\"elementor-element elementor-element-82b0ff2 elementor-widget elementor-widget-text-editor\" data-id=\"82b0ff2\" data-element_type=\"widget\" data-widget_type=\"text-editor.default\">\n\t\t\t\t<div class=\"elementor-widget-container\">\n\t\t\t\t\t\t\t\t\t<p>V tomto kurzu se profesorka Lizzie Coles-Kemp zab\u00fdv\u00e1 m\u00edstem kybernetick\u00e9 bezpe\u010dnosti ve spole\u010dnosti. Profesorka Coles-Kemp nejprve podrobn\u011b popisuje spole\u010densk\u00fd dopad probl\u00e9m\u016f kybernetick\u00e9 bezpe\u010dnosti a p\u0159edstavuje koncept kybernetick\u00e9 bezpe\u010dnosti zam\u011b\u0159en\u00e9 na lidi, kter\u00fd vych\u00e1z\u00ed z teori\u00ed pou\u017eiteln\u00e9ho zabezpe\u010den\u00ed a designu zam\u011b\u0159en\u00e9ho na u\u017eivatele. Profesor Coles-Kemp pot\u00e9 nasti\u0148uje p\u0159\u00edstup k zapojen\u00ed m\u00edstn\u00ed komunity, kter\u00fd zpochyb\u0148uje bezpe\u010dnostn\u00ed ortodoxie a uzn\u00e1v\u00e1 realitu pr\u00e1ce s r\u016fzn\u00fdmi, marginalizovan\u00fdmi a minoritn\u00edmi skupinami. Kurz kon\u010d\u00ed p\u0159\u00edpadovou studi\u00ed o aspektech kybernetick\u00e9 bezpe\u010dnosti neform\u00e1ln\u00edho asistovan\u00e9ho p\u0159\u00edstupu k digit\u00e1ln\u00edm technologi\u00edm.<\/p>\t\t\t\t\t\t\t\t<\/div>\n\t\t\t\t<\/div>\n\t\t\t\t<\/div>\n\t\t\t\t\t<\/div>\n\t\t\t\t<\/div>\n\t\t<div class=\"elementor-element elementor-element-b5a49a0 e-flex e-con-boxed e-con e-parent\" data-id=\"b5a49a0\" data-element_type=\"container\">\n\t\t\t\t\t<div class=\"e-con-inner\">\n\t\t\t\t<div class=\"elementor-element elementor-element-9e4315f elementor-align-center elementor-widget__width-inherit elementor-widget elementor-widget-button\" data-id=\"9e4315f\" data-element_type=\"widget\" data-widget_type=\"button.default\">\n\t\t\t\t<div class=\"elementor-widget-container\">\n\t\t\t\t\t\t\t\t\t<div class=\"elementor-button-wrapper\">\n\t\t\t\t\t<a class=\"elementor-button elementor-button-link elementor-size-sm\" href=\"\/cs\/prihlaseni\/\">\n\t\t\t\t\t\t<span class=\"elementor-button-content-wrapper\">\n\t\t\t\t\t\t\t\t\t<span class=\"elementor-button-text\">P\u0159ej\u00edt na kurzy<\/span>\n\t\t\t\t\t<\/span>\n\t\t\t\t\t<\/a>\n\t\t\t\t<\/div>\n\t\t\t\t\t\t\t\t<\/div>\n\t\t\t\t<\/div>\n\t\t\t\t\t<\/div>\n\t\t\t\t<\/div>\n\t\t\t\t<\/div>","protected":false},"excerpt":{"rendered":"<p>\u00davodn\u00ed online kurzy o kybernetick\u00e9 bezpe\u010dnosti V r\u00e1mci programu Google.org Cybersecurity Seminars vytvo\u0159ila spole\u010dnost Virtual Routes t\u0159i \u00favodn\u00ed online kurzy na m\u00edru zam\u011b\u0159en\u00e9 na z\u00e1kladn\u00ed t\u00e9mata kybernetick\u00e9 bezpe\u010dnosti. Kurzy byly navr\u017eeny spole\u010dnost\u00ed Virtual Routes ve spolupr\u00e1ci s akademick\u00fdmi pracovn\u00edky, kte\u0159\u00ed pat\u0159\u00ed ke \u0161pi\u010dce ve sv\u00e9m oboru a maj\u00ed des\u00edtky let zku\u0161enost\u00ed s v\u00fdzkumem a v\u00fdukou kybernetick\u00e9 bezpe\u010dnosti. P\u0159ej\u00edt na [...]<\/p>","protected":false},"author":1,"featured_media":0,"parent":0,"menu_order":0,"comment_status":"closed","ping_status":"closed","template":"","meta":{"_acf_changed":false,"_seopress_robots_primary_cat":"","_seopress_titles_title":"","_seopress_titles_desc":"","_seopress_robots_index":"","inline_featured_image":false,"footnotes":""},"class_list":["post-22924","page","type-page","status-publish","hentry"],"acf":[],"_links":{"self":[{"href":"https:\/\/virtual-routes.org\/cs\/wp-json\/wp\/v2\/pages\/22924","targetHints":{"allow":["GET"]}}],"collection":[{"href":"https:\/\/virtual-routes.org\/cs\/wp-json\/wp\/v2\/pages"}],"about":[{"href":"https:\/\/virtual-routes.org\/cs\/wp-json\/wp\/v2\/types\/page"}],"author":[{"embeddable":true,"href":"https:\/\/virtual-routes.org\/cs\/wp-json\/wp\/v2\/users\/1"}],"replies":[{"embeddable":true,"href":"https:\/\/virtual-routes.org\/cs\/wp-json\/wp\/v2\/comments?post=22924"}],"version-history":[{"count":20,"href":"https:\/\/virtual-routes.org\/cs\/wp-json\/wp\/v2\/pages\/22924\/revisions"}],"predecessor-version":[{"id":56537,"href":"https:\/\/virtual-routes.org\/cs\/wp-json\/wp\/v2\/pages\/22924\/revisions\/56537"}],"wp:attachment":[{"href":"https:\/\/virtual-routes.org\/cs\/wp-json\/wp\/v2\/media?parent=22924"}],"curies":[{"name":"wp","href":"https:\/\/api.w.org\/{rel}","templated":true}]}}